{"id":1040,"date":"2020-07-15T12:24:30","date_gmt":"2020-07-15T17:24:30","guid":{"rendered":"https:\/\/patenaudemartialarts.com\/?page_id=1040"},"modified":"2020-07-15T12:25:51","modified_gmt":"2020-07-15T17:25:51","slug":"abonnez-vous-a-nos-conseils-dentrainement-gratuits","status":"publish","type":"page","link":"https:\/\/patenaudemartialarts.com\/fr\/abonnez-vous-a-nos-conseils-dentrainement-gratuits\/","title":{"rendered":"Abonnez-vous \u00e0 nos conseils d&rsquo;entra\u00eenement gratuits"},"content":{"rendered":"<div id='av_section_1'  class='avia-section av-54lgww-541e11449b2ade1354bb9c594cffd013 main_color avia-section-default avia-no-border-styling  avia-builder-el-0  el_before_av_one_half  avia-builder-el-first  avia-bg-style-scroll container_wrap fullsize'  ><div class='container av-section-cont-open' ><main  role=\"main\" itemprop=\"mainContentOfPage\"  class='template-page content  av-content-full alpha units'><div class='post-entry post-entry-type-page post-entry-1040'><div class='entry-content-wrapper clearfix'>\n\n<style type=\"text\/css\" data-created_by=\"avia_inline_auto\" id=\"style-css-av-kcnkwc4o-f75a82d19d472605a7495d37aaa366b0\">\n#top .av-special-heading.av-kcnkwc4o-f75a82d19d472605a7495d37aaa366b0{\npadding-bottom:10px;\n}\nbody .av-special-heading.av-kcnkwc4o-f75a82d19d472605a7495d37aaa366b0 .av-special-heading-tag .heading-char{\nfont-size:25px;\n}\n.av-special-heading.av-kcnkwc4o-f75a82d19d472605a7495d37aaa366b0 .av-subheading{\nfont-size:15px;\n}\n<\/style>\n<div  class='av-special-heading av-kcnkwc4o-f75a82d19d472605a7495d37aaa366b0 av-special-heading-h3  avia-builder-el-1  avia-builder-el-no-sibling '><h3 class='av-special-heading-tag '  itemprop=\"headline\"  >Inscrivez-vous \u00e0 notre bulletin<\/h3><div class=\"special-heading-border\"><div class=\"special-heading-inner-border\"><\/div><\/div><\/div>\n<\/div><\/div><\/main><!-- close content main element --><\/div><\/div><div id='after_section_1'  class='main_color av_default_container_wrap container_wrap fullsize'  ><div class='container av-section-cont-open' ><div class='template-page content  av-content-full alpha units'><div class='post-entry post-entry-type-page post-entry-1040'><div class='entry-content-wrapper clearfix'>\n\n<style type=\"text\/css\" data-created_by=\"avia_inline_auto\" id=\"style-css-av-3q1zdc-f163f95d880e0baa46315d97f93e44e5\">\n.flex_column.av-3q1zdc-f163f95d880e0baa46315d97f93e44e5{\nborder-radius:0px 0px 0px 0px;\npadding:0px 0px 0px 0px;\n}\n<\/style>\n<div  class='flex_column av-3q1zdc-f163f95d880e0baa46315d97f93e44e5 av_one_half  avia-builder-el-2  el_after_av_section  el_before_av_one_half  avia-builder-el-first  first flex_column_div av-zero-column-padding  '     ><section  class='av_textblock_section av-kcnky3ax-e3f973c47cf731bba223df9bb9b04402 '   itemscope=\"itemscope\" itemtype=\"https:\/\/schema.org\/CreativeWork\" ><div class='avia_textblock'  itemprop=\"text\" ><h2><span style=\"color: #ec1c34;\">Avertissement!<\/span><\/h2>\n<p>T\u2019inscrire peux te rendre plus fort(e), heureux(se) et confiant(e)!<\/p>\n<p>En te joignant \u00e0 ma liste, tu as le potentiel d\u2019am\u00e9liorer ton tonus musculaire, de perde du poids, d\u2019acqu\u00e9rir des habilet\u00e9s martiales avanc\u00e9es,<br \/>\nde changer d\u2019attitude, d\u2019augmenter ta souplesse et de soudainement obtenir ce que tu veux dans la vie.<\/p>\n<p>Maintenant que tu a \u00e9t\u00e9 averti(e) des bienfaits, tu peux te sentir \u00e0 l\u2019aise d\u2019entrer tes renseignements et de t\u2019abonner!<\/p>\n<p>Une fois que tu te seras abonn\u00e9(e), j\u2019aurai un cadeau pour toi, pour te remercier :<\/p>\n<p>Les <strong><span style=\"color: #ec1c34;\">Rituels du matin<\/span><\/strong>, un cours pour t\u2019aider \u00e0 commencer ta journ\u00e9e du bon pieds.<\/p>\n<p>Sur la voie de la ma\u00eetrise de soi,<\/p>\n<p>Sibok Martin<\/p>\n<\/div><\/section><\/div>\n<style type=\"text\/css\" data-created_by=\"avia_inline_auto\" id=\"style-css-av-2bkmzk-9d70cffe4dc376195bcd81d2b9eb26aa\">\n.flex_column.av-2bkmzk-9d70cffe4dc376195bcd81d2b9eb26aa{\nborder-radius:0px 0px 0px 0px;\npadding:0px 0px 0px 0px;\n}\n<\/style>\n<div  class='flex_column av-2bkmzk-9d70cffe4dc376195bcd81d2b9eb26aa av_one_half  avia-builder-el-4  el_after_av_one_half  avia-builder-el-last  flex_column_div av-zero-column-padding  '     ><\/div><\/p>\n","protected":false},"excerpt":{"rendered":"","protected":false},"author":20,"featured_media":0,"parent":0,"menu_order":0,"comment_status":"closed","ping_status":"closed","template":"","meta":{"footnotes":""},"class_list":["post-1040","page","type-page","status-publish","hentry"],"yoast_head":"<!-- This site is optimized with the Yoast SEO plugin v27.3 - https:\/\/yoast.com\/product\/yoast-seo-wordpress\/ -->\n<title>Abonnez-vous \u00e0 nos conseils d&#039;entra\u00eenement gratuits - Patenaude Martial Arts &amp; Fitness<\/title>\n<meta name=\"robots\" content=\"index, follow, max-snippet:-1, max-image-preview:large, max-video-preview:-1\" \/>\n<link rel=\"canonical\" href=\"https:\/\/patenaudemartialarts.tempurl.host\/fr\/abonnez-vous-a-nos-conseils-dentrainement-gratuits\/\" \/>\n<meta property=\"og:locale\" content=\"fr_FR\" \/>\n<meta property=\"og:type\" content=\"article\" \/>\n<meta property=\"og:title\" content=\"Abonnez-vous \u00e0 nos conseils d&#039;entra\u00eenement gratuits - Patenaude Martial Arts &amp; Fitness\" \/>\n<meta property=\"og:url\" content=\"https:\/\/patenaudemartialarts.tempurl.host\/fr\/abonnez-vous-a-nos-conseils-dentrainement-gratuits\/\" \/>\n<meta property=\"og:site_name\" content=\"Patenaude Martial Arts &amp; Fitness\" \/>\n<meta property=\"article:publisher\" content=\"https:\/\/www.facebook.com\/PatenaudeMartialArts\" \/>\n<meta property=\"article:modified_time\" content=\"2020-07-15T17:25:51+00:00\" \/>\n<meta name=\"twitter:card\" content=\"summary_large_image\" \/>\n<meta name=\"twitter:site\" content=\"@fangshendo\" \/>\n<meta name=\"twitter:label1\" content=\"Dur\u00e9e de lecture estim\u00e9e\" \/>\n\t<meta name=\"twitter:data1\" content=\"3 minutes\" \/>\n<script type=\"application\/ld+json\" class=\"yoast-schema-graph\">{\"@context\":\"https:\\\/\\\/schema.org\",\"@graph\":[{\"@type\":\"WebPage\",\"@id\":\"https:\\\/\\\/patenaudemartialarts.tempurl.host\\\/fr\\\/abonnez-vous-a-nos-conseils-dentrainement-gratuits\\\/\",\"url\":\"https:\\\/\\\/patenaudemartialarts.tempurl.host\\\/fr\\\/abonnez-vous-a-nos-conseils-dentrainement-gratuits\\\/\",\"name\":\"Abonnez-vous \u00e0 nos conseils d'entra\u00eenement gratuits - Patenaude Martial Arts &amp; Fitness\",\"isPartOf\":{\"@id\":\"https:\\\/\\\/patenaudemartialarts.tempurl.host\\\/#website\"},\"datePublished\":\"2020-07-15T17:24:30+00:00\",\"dateModified\":\"2020-07-15T17:25:51+00:00\",\"breadcrumb\":{\"@id\":\"https:\\\/\\\/patenaudemartialarts.tempurl.host\\\/fr\\\/abonnez-vous-a-nos-conseils-dentrainement-gratuits\\\/#breadcrumb\"},\"inLanguage\":\"fr-FR\",\"potentialAction\":[{\"@type\":\"ReadAction\",\"target\":[\"https:\\\/\\\/patenaudemartialarts.tempurl.host\\\/fr\\\/abonnez-vous-a-nos-conseils-dentrainement-gratuits\\\/\"]}]},{\"@type\":\"BreadcrumbList\",\"@id\":\"https:\\\/\\\/patenaudemartialarts.tempurl.host\\\/fr\\\/abonnez-vous-a-nos-conseils-dentrainement-gratuits\\\/#breadcrumb\",\"itemListElement\":[{\"@type\":\"ListItem\",\"position\":1,\"name\":\"Home\",\"item\":\"https:\\\/\\\/patenaudemartialarts.tempurl.host\\\/fr\\\/\"},{\"@type\":\"ListItem\",\"position\":2,\"name\":\"Abonnez-vous \u00e0 nos conseils d&#8217;entra\u00eenement gratuits\"}]},{\"@type\":\"WebSite\",\"@id\":\"https:\\\/\\\/patenaudemartialarts.tempurl.host\\\/#website\",\"url\":\"https:\\\/\\\/patenaudemartialarts.tempurl.host\\\/\",\"name\":\"Patenaude Martial Arts &amp; Fitness\",\"description\":\"Ontario &amp; Quebec Kung Fu Training\",\"potentialAction\":[{\"@type\":\"SearchAction\",\"target\":{\"@type\":\"EntryPoint\",\"urlTemplate\":\"https:\\\/\\\/patenaudemartialarts.tempurl.host\\\/?s={search_term_string}\"},\"query-input\":{\"@type\":\"PropertyValueSpecification\",\"valueRequired\":true,\"valueName\":\"search_term_string\"}}],\"inLanguage\":\"fr-FR\"}]}<\/script>\n<!-- \/ Yoast SEO plugin. -->","yoast_head_json":{"title":"Abonnez-vous \u00e0 nos conseils d'entra\u00eenement gratuits - Patenaude Martial Arts &amp; Fitness","robots":{"index":"index","follow":"follow","max-snippet":"max-snippet:-1","max-image-preview":"max-image-preview:large","max-video-preview":"max-video-preview:-1"},"canonical":"https:\/\/patenaudemartialarts.tempurl.host\/fr\/abonnez-vous-a-nos-conseils-dentrainement-gratuits\/","og_locale":"fr_FR","og_type":"article","og_title":"Abonnez-vous \u00e0 nos conseils d'entra\u00eenement gratuits - Patenaude Martial Arts &amp; Fitness","og_url":"https:\/\/patenaudemartialarts.tempurl.host\/fr\/abonnez-vous-a-nos-conseils-dentrainement-gratuits\/","og_site_name":"Patenaude Martial Arts &amp; Fitness","article_publisher":"https:\/\/www.facebook.com\/PatenaudeMartialArts","article_modified_time":"2020-07-15T17:25:51+00:00","twitter_card":"summary_large_image","twitter_site":"@fangshendo","twitter_misc":{"Dur\u00e9e de lecture estim\u00e9e":"3 minutes"},"schema":{"@context":"https:\/\/schema.org","@graph":[{"@type":"WebPage","@id":"https:\/\/patenaudemartialarts.tempurl.host\/fr\/abonnez-vous-a-nos-conseils-dentrainement-gratuits\/","url":"https:\/\/patenaudemartialarts.tempurl.host\/fr\/abonnez-vous-a-nos-conseils-dentrainement-gratuits\/","name":"Abonnez-vous \u00e0 nos conseils d'entra\u00eenement gratuits - Patenaude Martial Arts &amp; Fitness","isPartOf":{"@id":"https:\/\/patenaudemartialarts.tempurl.host\/#website"},"datePublished":"2020-07-15T17:24:30+00:00","dateModified":"2020-07-15T17:25:51+00:00","breadcrumb":{"@id":"https:\/\/patenaudemartialarts.tempurl.host\/fr\/abonnez-vous-a-nos-conseils-dentrainement-gratuits\/#breadcrumb"},"inLanguage":"fr-FR","potentialAction":[{"@type":"ReadAction","target":["https:\/\/patenaudemartialarts.tempurl.host\/fr\/abonnez-vous-a-nos-conseils-dentrainement-gratuits\/"]}]},{"@type":"BreadcrumbList","@id":"https:\/\/patenaudemartialarts.tempurl.host\/fr\/abonnez-vous-a-nos-conseils-dentrainement-gratuits\/#breadcrumb","itemListElement":[{"@type":"ListItem","position":1,"name":"Home","item":"https:\/\/patenaudemartialarts.tempurl.host\/fr\/"},{"@type":"ListItem","position":2,"name":"Abonnez-vous \u00e0 nos conseils d&#8217;entra\u00eenement gratuits"}]},{"@type":"WebSite","@id":"https:\/\/patenaudemartialarts.tempurl.host\/#website","url":"https:\/\/patenaudemartialarts.tempurl.host\/","name":"Patenaude Martial Arts &amp; Fitness","description":"Ontario &amp; Quebec Kung Fu Training","potentialAction":[{"@type":"SearchAction","target":{"@type":"EntryPoint","urlTemplate":"https:\/\/patenaudemartialarts.tempurl.host\/?s={search_term_string}"},"query-input":{"@type":"PropertyValueSpecification","valueRequired":true,"valueName":"search_term_string"}}],"inLanguage":"fr-FR"}]}},"_links":{"self":[{"href":"https:\/\/patenaudemartialarts.com\/fr\/wp-json\/wp\/v2\/pages\/1040","targetHints":{"allow":["GET"]}}],"collection":[{"href":"https:\/\/patenaudemartialarts.com\/fr\/wp-json\/wp\/v2\/pages"}],"about":[{"href":"https:\/\/patenaudemartialarts.com\/fr\/wp-json\/wp\/v2\/types\/page"}],"author":[{"embeddable":true,"href":"https:\/\/patenaudemartialarts.com\/fr\/wp-json\/wp\/v2\/users\/20"}],"replies":[{"embeddable":true,"href":"https:\/\/patenaudemartialarts.com\/fr\/wp-json\/wp\/v2\/comments?post=1040"}],"version-history":[{"count":0,"href":"https:\/\/patenaudemartialarts.com\/fr\/wp-json\/wp\/v2\/pages\/1040\/revisions"}],"wp:attachment":[{"href":"https:\/\/patenaudemartialarts.com\/fr\/wp-json\/wp\/v2\/media?parent=1040"}],"curies":[{"name":"wp","href":"https:\/\/api.w.org\/{rel}","templated":true}]}}