{"id":569,"date":"2016-12-12T13:25:13","date_gmt":"2016-12-12T18:25:13","guid":{"rendered":"http:\/\/www.patenaudemartialarts.com\/?page_id=569\/"},"modified":"2021-02-02T14:49:34","modified_gmt":"2021-02-02T19:49:34","slug":"a-propos-des-arts-martiaux-patenaude","status":"publish","type":"page","link":"https:\/\/patenaudemartialarts.com\/fr\/a-propos-des-arts-martiaux-patenaude\/","title":{"rendered":"\u00c0 Propos des Arts Martiaux Patenaude"},"content":{"rendered":"\n<style type=\"text\/css\" data-created_by=\"avia_inline_auto\" id=\"style-css-av-av_section-2fe31ecbd5feb94b30af280bec0dc287\">\n.avia-section.av-av_section-2fe31ecbd5feb94b30af280bec0dc287 .av-section-color-overlay{\nopacity:1;\nbackground-image:url(https:\/\/patenaudemartialarts.com\/wp-content\/themes\/enfold\/images\/background-images\/wool-diagonal-for-light-background.png);\nbackground-repeat:repeat;\n}\n<\/style>\n<div id='av_section_1'  class='avia-section av-av_section-2fe31ecbd5feb94b30af280bec0dc287 main_color avia-section-default avia-no-shadow  avia-builder-el-0  el_before_av_heading  avia-builder-el-first  avia-bg-style-scroll av-section-color-overlay-active container_wrap fullsize'  ><div class=\"av-section-color-overlay-wrap\"><div class=\"av-section-color-overlay\"><\/div><div class='container av-section-cont-open' ><main  role=\"main\" itemprop=\"mainContentOfPage\"  class='template-page content  av-content-full alpha units'><div class='post-entry post-entry-type-page post-entry-569'><div class='entry-content-wrapper clearfix'>\n\n<style type=\"text\/css\" data-created_by=\"avia_inline_auto\" id=\"style-css-av-av_heading-161f6c2107c25c2144dd45987b95a1d6\">\n#top .av-special-heading.av-av_heading-161f6c2107c25c2144dd45987b95a1d6{\npadding-bottom:0;\n}\nbody .av-special-heading.av-av_heading-161f6c2107c25c2144dd45987b95a1d6 .av-special-heading-tag .heading-char{\nfont-size:25px;\n}\n.av-special-heading.av-av_heading-161f6c2107c25c2144dd45987b95a1d6 .av-subheading{\nfont-size:15px;\n}\n<\/style>\n<div  class='av-special-heading av-av_heading-161f6c2107c25c2144dd45987b95a1d6 av-special-heading-h1 blockquote modern-quote  avia-builder-el-1  avia-builder-el-no-sibling '><h1 class='av-special-heading-tag '  itemprop=\"headline\"  >\u00c0 PROPOS DES ARTS MARTIAUX PATENAUDE<\/h1><div class=\"special-heading-border\"><div class=\"special-heading-inner-border\"><\/div><\/div><\/div>\n<\/div><\/div><\/main><!-- close content main element --><\/div><\/div><\/div><div id='after_section_1'  class='main_color av_default_container_wrap container_wrap fullsize'  ><div class='container av-section-cont-open' ><div class='template-page content  av-content-full alpha units'><div class='post-entry post-entry-type-page post-entry-569'><div class='entry-content-wrapper clearfix'>\n\n<style type=\"text\/css\" data-created_by=\"avia_inline_auto\" id=\"style-css-av-av_heading-0740d9ae015b698a8c90eb91fc92ca7f\">\n#top .av-special-heading.av-av_heading-0740d9ae015b698a8c90eb91fc92ca7f{\npadding-bottom:0;\n}\nbody .av-special-heading.av-av_heading-0740d9ae015b698a8c90eb91fc92ca7f .av-special-heading-tag .heading-char{\nfont-size:25px;\n}\n.av-special-heading.av-av_heading-0740d9ae015b698a8c90eb91fc92ca7f .av-subheading{\nfont-size:18px;\n}\n<\/style>\n<div  class='av-special-heading av-av_heading-0740d9ae015b698a8c90eb91fc92ca7f av-special-heading-h2 blockquote modern-quote  avia-builder-el-2  el_after_av_section  el_before_av_hr  avia-builder-el-first '><h2 class='av-special-heading-tag '  itemprop=\"headline\"  >Qu\u2019est-ce que le Fang Shen Do?<\/h2><div class='av-subheading av-subheading_below'><p>Fang Shen Do n&rsquo;est pas seulement la plus grande cha\u00eene d&rsquo;\u00e9coles de Kung-Fu au Canada, et ce n&rsquo;est pas strictement un art de combat.<br \/>\nC&rsquo;est une philosophie qui s&rsquo;applique \u00e0 chaque domaine de votre vie.<\/p>\n<\/div><div class=\"special-heading-border\"><div class=\"special-heading-inner-border\"><\/div><\/div><\/div>\n\n<style type=\"text\/css\" data-created_by=\"avia_inline_auto\" id=\"style-css-av-av_hr-42b83fc1d7e0886e3795b0f5da2f91a7\">\n#top .hr.hr-invisible.av-av_hr-42b83fc1d7e0886e3795b0f5da2f91a7{\nheight:25px;\n}\n<\/style>\n<div  class='hr av-av_hr-42b83fc1d7e0886e3795b0f5da2f91a7 hr-invisible  avia-builder-el-3  el_after_av_heading  el_before_av_one_full '><span class='hr-inner '><span class=\"hr-inner-style\"><\/span><\/span><\/div>\n\n<style type=\"text\/css\" data-created_by=\"avia_inline_auto\" id=\"style-css-av-av_one_full-9497bbf8bff73ea4c6992cc17fa9ec36\">\n.flex_column.av-av_one_full-9497bbf8bff73ea4c6992cc17fa9ec36{\nborder-radius:0px 0px 0px 0px;\npadding:0px 0px 0px 0px;\n}\n<\/style>\n<div  class='flex_column av-av_one_full-9497bbf8bff73ea4c6992cc17fa9ec36 av_one_full  avia-builder-el-4  el_after_av_hr  el_before_av_two_third  first flex_column_div av-zero-column-padding  '     ><section  class='av_textblock_section av-av_textblock-35972167d9f102c5ddaec0c531c98b9e '   itemscope=\"itemscope\" itemtype=\"https:\/\/schema.org\/CreativeWork\" ><div class='avia_textblock'  itemprop=\"text\" ><div id=\"attachment_148\" style=\"width: 185px\" class=\"wp-caption alignright\"><img loading=\"lazy\" decoding=\"async\" aria-describedby=\"caption-attachment-148\" class=\"wp-image-148 size-full\" title=\"Sijo Jacques Patenaude\" src=\"https:\/\/patenaudemartialarts.com\/wp-content\/uploads\/2016\/10\/sijo-jacques-patenaude.jpg\" alt=\"Sijo Jacques Patenaude\" width=\"175\" height=\"300\" \/><p id=\"caption-attachment-148\" class=\"wp-caption-text\">Sijo Jacques Patenaude<\/p><\/div>\n<p>Sijo Jacques Patenaude a fond\u00e9 <strong>Fang Shen Do<\/strong> (la plus grande cha\u00eene d&rsquo;\u00e9coles de kung-fu au Canada) avec son \u00e9pouse Linda et leurs quatre enfants: St\u00e9phane, Martin, Christine et S\u00eelvain. Sijo Jacques ne voyait pas le Fang Shen Do strictement comme un art de combat, mais plut\u00f4t comme une philosophie de vie s&rsquo;appliquant \u00e0 tous les domaines de la vie. L&rsquo;innovation a toujours \u00e9t\u00e9 une passion pour lui, que ce soit dans les arts martiaux, le d\u00e9veloppement personnel ou dans les affaires. Il a maintenu que la formation en art martiaux est le meilleur outil pour surmonter n&rsquo;importe quel d\u00e9fi.<\/p>\n<p>La vie n&rsquo;a pas toujours \u00e9t\u00e9 facile pour Sijo Jacques: venant de la petite ville d&rsquo;Embrun o\u00f9 il n&rsquo;y avais rien \u00e0 faire sauf traire les vaches, cultiver, jouer au hockey, et se bagarrer avec les locaux. Il n&rsquo;y avait pas d&rsquo;\u00e9cole d&rsquo;arts martiaux o\u00f9 s&rsquo;entra\u00eener et Sijo Jacques n&rsquo;avait qu&rsquo;un bref enseignement secondaire, ne parlant pas l&rsquo;anglais avant l&rsquo;\u00e2ge de 20 ans. Les enseignants lui ont recommand\u00e9 de joindre l&rsquo;arm\u00e9e ou s&rsquo;entra\u00eener en boxe pour contr\u00f4ler son temp\u00e9rament.<\/p>\n<p>Comme pour plusieurs pratiquants des arts martiaux, la plus grande influence de Sijo Jacques f\u00fbt Bruce Lee. Il a partag\u00e9 la philosophie de Lee disant \u00abn&rsquo;utiliser que ce qui fonctionne, et trouvez celui-ci n&rsquo;importe o\u00f9\u00bb.<\/p>\n<h4 style=\"text-align: center;\">Construit par une famille, comme famille.<\/h4>\n<p>Ayant \u00e9tabli leur \u00e9cole familiale \u00e0 partir de rien, quand il f\u00fbt temps de se r\u00e9pandre dans des dizaines de villes canadiennes, une chose a d\u00fb rester identique \u00e0 l&rsquo;\u00e9cole originale d&rsquo;il ya plus de 35 ans: <strong>l&rsquo;atmosph\u00e8re familiale<\/strong>. Chaque \u00e9tudiant est trait\u00e9 avec respect et re\u00e7oit une attention personnalis\u00e9e. Chaque instructeur PMA est form\u00e9 afin de faire ressortir le meilleur en vous, vous pousser \u00e0 vous ouvrir et vous donner tous les outils dont vous avez besoin pour r\u00e9ussir.<\/p>\n<p>Nous esp\u00e9rons que vous vous joindrez \u00e0 nous au <strong>Fang Shen Do!<\/strong><\/p>\n<\/div><\/section><\/div>\n\n<style type=\"text\/css\" data-created_by=\"avia_inline_auto\" id=\"style-css-av-av_two_third-9497bbf8bff73ea4c6992cc17fa9ec36\">\n.flex_column.av-av_two_third-9497bbf8bff73ea4c6992cc17fa9ec36{\nborder-radius:0px 0px 0px 0px;\npadding:0px 0px 0px 0px;\n}\n<\/style>\n<div  class='flex_column av-av_two_third-9497bbf8bff73ea4c6992cc17fa9ec36 av_two_third  avia-builder-el-6  el_after_av_one_full  el_before_av_one_third  first flex_column_div av-zero-column-padding  column-top-margin'     ><section  class='av_textblock_section av-av_textblock-35972167d9f102c5ddaec0c531c98b9e '   itemscope=\"itemscope\" itemtype=\"https:\/\/schema.org\/CreativeWork\" ><div class='avia_textblock'  itemprop=\"text\" ><h2>CLASSEMENT<\/h2>\n<p>Fang Shen Do utilise l&rsquo;acronyme anglais: \u00ab<strong>MASTERY<\/strong>\u00bb pour diss\u00e9quer les diff\u00e9rentes couleurs et zones de d\u00e9veloppement dans le syst\u00e8me de classement FSD. Diff\u00e9rentes \u00ab\u00a0\u00e9charpes\u00a0\u00bb color\u00e9es repr\u00e9sentent une lettre diff\u00e9rente de l&rsquo;acronyme, et sont utilis\u00e9s pour distinguer le niveau d&rsquo;un \u00e9tudiant de l&rsquo;expertise. Lors de la transition entre les niveaux de couleurs solides, des bandes sont incorpor\u00e9es pour combler l&rsquo;\u00e9cart avec la couleur suivante. Les exercices et les techniques trouv\u00e9s \u00e0 chaque niveau sont con\u00e7us de mani\u00e8re \u00e0 renforcer la confiance et la comp\u00e9tence.<\/p>\n<p style=\"text-align: center;\"><strong>MASTERY<\/strong> contient les buts de conditionnement physique:<\/p>\n<p style=\"text-align: center;\"><strong>M<\/strong>ani\u00e8res, <strong>A<\/strong>gilit\u00e9, <b>S<\/b>ensibilit\u00e9, <strong>T<\/strong>iming, Intensit\u00e9 <strong>\u00c9<\/strong>motionelle, <strong>R<\/strong>\u00e9flexes, <strong>Y<\/strong>in &amp; Yang<\/p>\n<p>Chaque niveau incorpore aussi une zone conceptuelle de d\u00e9veloppement. Lorsque ces deux domaines de d\u00e9veloppement (physique et conceptuel) sont int\u00e9gr\u00e9s, comme d\u00e9montr\u00e9 par le syst\u00e8me Fang Shen Do, l&rsquo;\u00e9tudiant se trouve dans la meilleure position de r\u00e9ussite.<\/p>\n<p>Nos \u00e9tudiants sont motiv\u00e9s et ax\u00e9s sur leurs objectifs gr\u00e2ce \u00e0 un curriculum organis\u00e9, et une fondation bien structur\u00e9e. L&rsquo;entrainement en arts martiaux devrait toucher toutes les facades de votre vie, et suite \u00e0 notre formation intensive, vous trouverez que ceci est tr\u00e8s vrai.<\/p>\n<p>Fang Shen Do offre des programmes de formation de pointe, des instructeurs amicaux et enthousiastes, et un environnement d&rsquo;apprentissage semblable \u00e0 une universit\u00e9 de haut niveau.<\/p>\n<\/div><\/section><\/div>\n\n<style type=\"text\/css\" data-created_by=\"avia_inline_auto\" id=\"style-css-av-av_one_third-9c1d454dc06f7247226bc4e8f931daae\">\n.flex_column.av-av_one_third-9c1d454dc06f7247226bc4e8f931daae{\nborder-radius:0px 0px 0px 0px;\npadding:0px 0px 0px 0px;\n}\n<\/style>\n<div  class='flex_column av-av_one_third-9c1d454dc06f7247226bc4e8f931daae av_one_third  avia-builder-el-8  el_after_av_two_third  el_before_av_hr  flex_column_div av-zero-column-padding  column-top-margin'     ><p><div  class='avia-table av-av_table-bce35ff730fe58a0b9911208db593389 main_color avia-pricing-table-container avia_pricing_default  avia-builder-el-9  el_before_av_image  avia-builder-el-first  avia-table-1'  itemscope=\"itemscope\" itemtype=\"https:\/\/schema.org\/Table\" ><div class=\"pricing-table-wrap\"><ul class='pricing-table '><li class='avia-heading-row'><div class='first-table-item'>Zones conceptuelles de d\u00e9veloppement<\/div><span class='pricing-extra'><\/span><\/li><li class=''>Blanc: Ponctualit\u00e9 &amp; Focus<\/li><li class=''>Jaune: Consistance &amp; Effort<\/li><li class=''>Bleu: D\u00e9finition des objectifs &amp; engagement<\/li><li class=''>Vert: courage &amp; ma\u00eetrise de soi<\/li><li class=''>Brun: Patience &amp; enthousiasme<\/li><li class=''>Noir: D\u00e9termination &amp; mener \u00e0 terme<\/li><\/ul><\/div><\/div><br \/>\n\n<style type=\"text\/css\" data-created_by=\"avia_inline_auto\" id=\"style-css-av-av_image-c501c827a1baa050d22ea980395891e7\">\n.avia-image-container.av-av_image-c501c827a1baa050d22ea980395891e7 img.avia_image{\nbox-shadow:none;\n}\n.avia-image-container.av-av_image-c501c827a1baa050d22ea980395891e7 .av-image-caption-overlay-center{\ncolor:#ffffff;\n}\n<\/style>\n<div  class='avia-image-container av-av_image-c501c827a1baa050d22ea980395891e7 av-styling- av-img-linked avia-align-center  avia-builder-el-10  el_after_av_table  avia-builder-el-last '   itemprop=\"image\" itemscope=\"itemscope\" itemtype=\"https:\/\/schema.org\/ImageObject\" ><div class=\"avia-image-container-inner\"><div class=\"avia-image-overlay-wrap\"><a href=\"https:\/\/patenaudemartialarts.com\/wp-content\/uploads\/2016\/10\/Sashes.png\" data-srcset=\"https:\/\/patenaudemartialarts.com\/wp-content\/uploads\/2016\/10\/Sashes.png 557w, https:\/\/patenaudemartialarts.com\/wp-content\/uploads\/2016\/10\/Sashes-300x121.png 300w, https:\/\/patenaudemartialarts.com\/wp-content\/uploads\/2016\/10\/Sashes-450x181.png 450w\" data-sizes=\"(max-width: 557px) 100vw, 557px\" class='avia_image '  aria-label='Patenaude Martial Arts Sashes'><img decoding=\"async\" fetchpriority=\"high\" class='wp-image-741 avia-img-lazy-loading-not-741 avia_image ' src=\"https:\/\/patenaudemartialarts.com\/wp-content\/uploads\/2016\/10\/Sashes-300x121.png\" alt='' title='Patenaude Martial Arts Sashes'  height=\"121\" width=\"300\"  itemprop=\"thumbnailUrl\" srcset=\"https:\/\/patenaudemartialarts.com\/wp-content\/uploads\/2016\/10\/Sashes-300x121.png 300w, https:\/\/patenaudemartialarts.com\/wp-content\/uploads\/2016\/10\/Sashes-450x181.png 450w, https:\/\/patenaudemartialarts.com\/wp-content\/uploads\/2016\/10\/Sashes.png 557w\" sizes=\"(max-width: 300px) 100vw, 300px\" \/><\/a><\/div><\/div><\/div><\/p><\/div>\n<style type=\"text\/css\" data-created_by=\"avia_inline_auto\" id=\"style-css-av-av_hr-cdfdc8adfb4b2d73078af00d6ecbf0ad\">\n#top .hr.hr-invisible.av-av_hr-cdfdc8adfb4b2d73078af00d6ecbf0ad{\nheight:50px;\n}\n<\/style>\n<div  class='hr av-av_hr-cdfdc8adfb4b2d73078af00d6ecbf0ad hr-invisible  avia-builder-el-11  el_after_av_one_third  el_before_av_section  avia-builder-el-last  hide_mobile'><span class='hr-inner '><span class=\"hr-inner-style\"><\/span><\/span><\/div><\/p>\n<\/div><\/div><\/div><!-- close content main div --><\/div><\/div>\n<style type=\"text\/css\" data-created_by=\"avia_inline_auto\" id=\"style-css-av-av_section-51e4110d94bc3aade99cb6a2c6d8348f\">\n.avia-section.av-av_section-51e4110d94bc3aade99cb6a2c6d8348f .av-parallax .av-parallax-inner{\nbackground-repeat:no-repeat;\nbackground-image:url(https:\/\/patenaudemartialarts.com\/wp-content\/uploads\/2016\/10\/Patenaude-Kick.jpg);\nbackground-position:50% 0%;\nbackground-attachment:scroll;\n}\n.avia-section.av-av_section-51e4110d94bc3aade99cb6a2c6d8348f .av-section-color-overlay{\nopacity:0.5;\nbackground-color:#000000;\n}\n<\/style>\n<div id='av_section_2'  class='avia-section av-av_section-51e4110d94bc3aade99cb6a2c6d8348f alternate_color avia-section-no-padding avia-no-border-styling  avia-builder-el-12  el_after_av_hr  avia-builder-el-last  hide_bg_mobile av-parallax-section avia-bg-style-parallax av-section-color-overlay-active av-minimum-height av-minimum-height-custom av-height-custom  container_wrap fullsize'  data-section-bg-repeat='no-repeat' data-av_minimum_height_px='390'><div class='av-parallax' data-avia-parallax-ratio='0.3' ><div class='av-parallax-inner alternate_color avia-full-stretch'><\/div><\/div><div class=\"av-section-color-overlay-wrap\"><div class=\"av-section-color-overlay\"><\/div><div class='container av-section-cont-open' style='height:390px'><div class='template-page content  av-content-full alpha units'><div class='post-entry post-entry-type-page post-entry-569'><div class='entry-content-wrapper clearfix'>\n<section  class='av_textblock_section av-av_textblock-35972167d9f102c5ddaec0c531c98b9e '   itemscope=\"itemscope\" itemtype=\"https:\/\/schema.org\/CreativeWork\" ><div class='avia_textblock'  itemprop=\"text\" ><h2 class=\"stroke_black\" style=\"text-align: center;\">Venez d\u00e9couvrir votre potentiel<\/h2>\n<h3 class=\"stroke_black\" style=\"text-align: center;\">Vous obtiendrez 7 jours de formation gratuits et sans obligation<br \/>\nNous vous garantissons votre satisfaction!<\/h3>\n<p style=\"text-align: center;\"><div  class='avia-button-wrap av-av_button-602f956b2b6df4f3a178fbd66ea40633-wrap avia-button-center  avia-builder-el-14  avia-builder-el-no-sibling  round-button'><a href='https:\/\/patenaudemartialarts.com\/free-7-day-training-pass\/'  class='avia-button av-av_button-602f956b2b6df4f3a178fbd66ea40633 av-link-btn avia-icon_select-yes-left-icon avia-size-large avia-position-center avia-color-theme-color'   aria-label=\"R\u00e9clamez votre passe GRATUITE\"><span class='avia_button_icon avia_button_icon_left avia-iconfont avia-font-entypo-fontello' data-av_icon='\ue80c' data-av_iconfont='entypo-fontello' ><\/span><span class='avia_iconbox_title' >R\u00e9clamez votre passe GRATUITE<\/span><\/a><\/div><\/p>\n<\/div><\/section>\n\n","protected":false},"excerpt":{"rendered":"","protected":false},"author":1,"featured_media":0,"parent":0,"menu_order":0,"comment_status":"closed","ping_status":"closed","template":"","meta":{"footnotes":""},"class_list":["post-569","page","type-page","status-publish","hentry"],"yoast_head":"<!-- This site is optimized with the Yoast SEO plugin v27.1.1 - https:\/\/yoast.com\/product\/yoast-seo-wordpress\/ -->\n<title>\u00c0 Propos des Arts Martiaux Patenaude - Patenaude Martial Arts &amp; Fitness<\/title>\n<meta name=\"description\" content=\"Les Arts Martiaux Patenaude ne sont pas que la plus grande \u00e9cole de Kung Fu et Arts Martiaux at Canada. C&#039;est plus de 40 ans d&#039;exp\u00e9rience en Arts Martiaux pour adultes ET enfants.\" \/>\n<meta name=\"robots\" content=\"index, follow, max-snippet:-1, max-image-preview:large, max-video-preview:-1\" \/>\n<link rel=\"canonical\" href=\"https:\/\/patenaudemartialarts.tempurl.host\/fr\/a-propos-des-arts-martiaux-patenaude\/\" \/>\n<meta property=\"og:locale\" content=\"fr_FR\" \/>\n<meta property=\"og:type\" content=\"article\" \/>\n<meta property=\"og:title\" content=\"\u00c0 Propos des Arts Martiaux Patenaude - Patenaude Martial Arts &amp; Fitness\" \/>\n<meta property=\"og:description\" content=\"Les Arts Martiaux Patenaude ne sont pas que la plus grande \u00e9cole de Kung Fu et Arts Martiaux at Canada. C&#039;est plus de 40 ans d&#039;exp\u00e9rience en Arts Martiaux pour adultes ET enfants.\" \/>\n<meta property=\"og:url\" content=\"https:\/\/patenaudemartialarts.tempurl.host\/fr\/a-propos-des-arts-martiaux-patenaude\/\" \/>\n<meta property=\"og:site_name\" content=\"Patenaude Martial Arts &amp; Fitness\" \/>\n<meta property=\"article:publisher\" content=\"https:\/\/www.facebook.com\/PatenaudeMartialArts\" \/>\n<meta property=\"article:modified_time\" content=\"2021-02-02T19:49:34+00:00\" \/>\n<meta property=\"og:image\" content=\"https:\/\/patenaudemartialarts.tempurl.host\/wp-content\/uploads\/2016\/10\/sijo-jacques-patenaude.jpg\" \/>\n<meta name=\"twitter:card\" content=\"summary_large_image\" \/>\n<meta name=\"twitter:site\" content=\"@fangshendo\" \/>\n<meta name=\"twitter:label1\" content=\"Dur\u00e9e de lecture estim\u00e9e\" \/>\n\t<meta name=\"twitter:data1\" content=\"7 minutes\" \/>\n<script type=\"application\/ld+json\" class=\"yoast-schema-graph\">{\"@context\":\"https:\/\/schema.org\",\"@graph\":[{\"@type\":\"WebPage\",\"@id\":\"https:\/\/patenaudemartialarts.tempurl.host\/fr\/a-propos-des-arts-martiaux-patenaude\/\",\"url\":\"https:\/\/patenaudemartialarts.tempurl.host\/fr\/a-propos-des-arts-martiaux-patenaude\/\",\"name\":\"\u00c0 Propos des Arts Martiaux Patenaude - Patenaude Martial Arts &amp; Fitness\",\"isPartOf\":{\"@id\":\"https:\/\/patenaudemartialarts.tempurl.host\/#website\"},\"primaryImageOfPage\":{\"@id\":\"https:\/\/patenaudemartialarts.tempurl.host\/fr\/a-propos-des-arts-martiaux-patenaude\/#primaryimage\"},\"image\":{\"@id\":\"https:\/\/patenaudemartialarts.tempurl.host\/fr\/a-propos-des-arts-martiaux-patenaude\/#primaryimage\"},\"thumbnailUrl\":\"https:\/\/patenaudemartialarts.com\/wp-content\/uploads\/2016\/10\/sijo-jacques-patenaude.jpg\",\"datePublished\":\"2016-12-12T18:25:13+00:00\",\"dateModified\":\"2021-02-02T19:49:34+00:00\",\"description\":\"Les Arts Martiaux Patenaude ne sont pas que la plus grande \u00e9cole de Kung Fu et Arts Martiaux at Canada. C'est plus de 40 ans d'exp\u00e9rience en Arts Martiaux pour adultes ET enfants.\",\"breadcrumb\":{\"@id\":\"https:\/\/patenaudemartialarts.tempurl.host\/fr\/a-propos-des-arts-martiaux-patenaude\/#breadcrumb\"},\"inLanguage\":\"fr-FR\",\"potentialAction\":[{\"@type\":\"ReadAction\",\"target\":[\"https:\/\/patenaudemartialarts.tempurl.host\/fr\/a-propos-des-arts-martiaux-patenaude\/\"]}]},{\"@type\":\"ImageObject\",\"inLanguage\":\"fr-FR\",\"@id\":\"https:\/\/patenaudemartialarts.tempurl.host\/fr\/a-propos-des-arts-martiaux-patenaude\/#primaryimage\",\"url\":\"https:\/\/patenaudemartialarts.com\/wp-content\/uploads\/2016\/10\/sijo-jacques-patenaude.jpg\",\"contentUrl\":\"https:\/\/patenaudemartialarts.com\/wp-content\/uploads\/2016\/10\/sijo-jacques-patenaude.jpg\"},{\"@type\":\"BreadcrumbList\",\"@id\":\"https:\/\/patenaudemartialarts.tempurl.host\/fr\/a-propos-des-arts-martiaux-patenaude\/#breadcrumb\",\"itemListElement\":[{\"@type\":\"ListItem\",\"position\":1,\"name\":\"Home\",\"item\":\"https:\/\/patenaudemartialarts.tempurl.host\/fr\/\"},{\"@type\":\"ListItem\",\"position\":2,\"name\":\"\u00c0 Propos des Arts Martiaux Patenaude\"}]},{\"@type\":\"WebSite\",\"@id\":\"https:\/\/patenaudemartialarts.tempurl.host\/#website\",\"url\":\"https:\/\/patenaudemartialarts.tempurl.host\/\",\"name\":\"Patenaude Martial Arts &amp; Fitness\",\"description\":\"Ontario &amp; Quebec Kung Fu Training\",\"potentialAction\":[{\"@type\":\"SearchAction\",\"target\":{\"@type\":\"EntryPoint\",\"urlTemplate\":\"https:\/\/patenaudemartialarts.tempurl.host\/?s={search_term_string}\"},\"query-input\":{\"@type\":\"PropertyValueSpecification\",\"valueRequired\":true,\"valueName\":\"search_term_string\"}}],\"inLanguage\":\"fr-FR\"}]}<\/script>\n<!-- \/ Yoast SEO plugin. -->","yoast_head_json":{"title":"\u00c0 Propos des Arts Martiaux Patenaude - Patenaude Martial Arts &amp; Fitness","description":"Les Arts Martiaux Patenaude ne sont pas que la plus grande \u00e9cole de Kung Fu et Arts Martiaux at Canada. C'est plus de 40 ans d'exp\u00e9rience en Arts Martiaux pour adultes ET enfants.","robots":{"index":"index","follow":"follow","max-snippet":"max-snippet:-1","max-image-preview":"max-image-preview:large","max-video-preview":"max-video-preview:-1"},"canonical":"https:\/\/patenaudemartialarts.tempurl.host\/fr\/a-propos-des-arts-martiaux-patenaude\/","og_locale":"fr_FR","og_type":"article","og_title":"\u00c0 Propos des Arts Martiaux Patenaude - Patenaude Martial Arts &amp; Fitness","og_description":"Les Arts Martiaux Patenaude ne sont pas que la plus grande \u00e9cole de Kung Fu et Arts Martiaux at Canada. C'est plus de 40 ans d'exp\u00e9rience en Arts Martiaux pour adultes ET enfants.","og_url":"https:\/\/patenaudemartialarts.tempurl.host\/fr\/a-propos-des-arts-martiaux-patenaude\/","og_site_name":"Patenaude Martial Arts &amp; Fitness","article_publisher":"https:\/\/www.facebook.com\/PatenaudeMartialArts","article_modified_time":"2021-02-02T19:49:34+00:00","og_image":[{"url":"https:\/\/patenaudemartialarts.tempurl.host\/wp-content\/uploads\/2016\/10\/sijo-jacques-patenaude.jpg","type":"","width":"","height":""}],"twitter_card":"summary_large_image","twitter_site":"@fangshendo","twitter_misc":{"Dur\u00e9e de lecture estim\u00e9e":"7 minutes"},"schema":{"@context":"https:\/\/schema.org","@graph":[{"@type":"WebPage","@id":"https:\/\/patenaudemartialarts.tempurl.host\/fr\/a-propos-des-arts-martiaux-patenaude\/","url":"https:\/\/patenaudemartialarts.tempurl.host\/fr\/a-propos-des-arts-martiaux-patenaude\/","name":"\u00c0 Propos des Arts Martiaux Patenaude - Patenaude Martial Arts &amp; Fitness","isPartOf":{"@id":"https:\/\/patenaudemartialarts.tempurl.host\/#website"},"primaryImageOfPage":{"@id":"https:\/\/patenaudemartialarts.tempurl.host\/fr\/a-propos-des-arts-martiaux-patenaude\/#primaryimage"},"image":{"@id":"https:\/\/patenaudemartialarts.tempurl.host\/fr\/a-propos-des-arts-martiaux-patenaude\/#primaryimage"},"thumbnailUrl":"https:\/\/patenaudemartialarts.com\/wp-content\/uploads\/2016\/10\/sijo-jacques-patenaude.jpg","datePublished":"2016-12-12T18:25:13+00:00","dateModified":"2021-02-02T19:49:34+00:00","description":"Les Arts Martiaux Patenaude ne sont pas que la plus grande \u00e9cole de Kung Fu et Arts Martiaux at Canada. C'est plus de 40 ans d'exp\u00e9rience en Arts Martiaux pour adultes ET enfants.","breadcrumb":{"@id":"https:\/\/patenaudemartialarts.tempurl.host\/fr\/a-propos-des-arts-martiaux-patenaude\/#breadcrumb"},"inLanguage":"fr-FR","potentialAction":[{"@type":"ReadAction","target":["https:\/\/patenaudemartialarts.tempurl.host\/fr\/a-propos-des-arts-martiaux-patenaude\/"]}]},{"@type":"ImageObject","inLanguage":"fr-FR","@id":"https:\/\/patenaudemartialarts.tempurl.host\/fr\/a-propos-des-arts-martiaux-patenaude\/#primaryimage","url":"https:\/\/patenaudemartialarts.com\/wp-content\/uploads\/2016\/10\/sijo-jacques-patenaude.jpg","contentUrl":"https:\/\/patenaudemartialarts.com\/wp-content\/uploads\/2016\/10\/sijo-jacques-patenaude.jpg"},{"@type":"BreadcrumbList","@id":"https:\/\/patenaudemartialarts.tempurl.host\/fr\/a-propos-des-arts-martiaux-patenaude\/#breadcrumb","itemListElement":[{"@type":"ListItem","position":1,"name":"Home","item":"https:\/\/patenaudemartialarts.tempurl.host\/fr\/"},{"@type":"ListItem","position":2,"name":"\u00c0 Propos des Arts Martiaux Patenaude"}]},{"@type":"WebSite","@id":"https:\/\/patenaudemartialarts.tempurl.host\/#website","url":"https:\/\/patenaudemartialarts.tempurl.host\/","name":"Patenaude Martial Arts &amp; Fitness","description":"Ontario &amp; Quebec Kung Fu Training","potentialAction":[{"@type":"SearchAction","target":{"@type":"EntryPoint","urlTemplate":"https:\/\/patenaudemartialarts.tempurl.host\/?s={search_term_string}"},"query-input":{"@type":"PropertyValueSpecification","valueRequired":true,"valueName":"search_term_string"}}],"inLanguage":"fr-FR"}]}},"_links":{"self":[{"href":"https:\/\/patenaudemartialarts.com\/fr\/wp-json\/wp\/v2\/pages\/569","targetHints":{"allow":["GET"]}}],"collection":[{"href":"https:\/\/patenaudemartialarts.com\/fr\/wp-json\/wp\/v2\/pages"}],"about":[{"href":"https:\/\/patenaudemartialarts.com\/fr\/wp-json\/wp\/v2\/types\/page"}],"author":[{"embeddable":true,"href":"https:\/\/patenaudemartialarts.com\/fr\/wp-json\/wp\/v2\/users\/1"}],"replies":[{"embeddable":true,"href":"https:\/\/patenaudemartialarts.com\/fr\/wp-json\/wp\/v2\/comments?post=569"}],"version-history":[{"count":0,"href":"https:\/\/patenaudemartialarts.com\/fr\/wp-json\/wp\/v2\/pages\/569\/revisions"}],"wp:attachment":[{"href":"https:\/\/patenaudemartialarts.com\/fr\/wp-json\/wp\/v2\/media?parent=569"}],"curies":[{"name":"wp","href":"https:\/\/api.w.org\/{rel}","templated":true}]}}