{"id":584,"date":"2016-12-12T13:32:35","date_gmt":"2016-12-12T18:32:35","guid":{"rendered":"http:\/\/www.patenaudemartialarts.com\/?page_id=584\/"},"modified":"2024-02-28T21:23:30","modified_gmt":"2024-02-29T02:23:30","slug":"contacter-pma","status":"publish","type":"page","link":"https:\/\/patenaudemartialarts.com\/fr\/contacter-pma\/","title":{"rendered":"Contacter PMA"},"content":{"rendered":"\n<style type=\"text\/css\" data-created_by=\"avia_inline_auto\" id=\"style-css-av-6fmx2g-80a2cdd2032373efe435b223bab84081\">\n.avia-section.av-6fmx2g-80a2cdd2032373efe435b223bab84081 .av-section-color-overlay{\nopacity:1;\nbackground-image:url(https:\/\/patenaudemartialarts.com\/wp-content\/themes\/enfold\/images\/background-images\/wool-diagonal-for-light-background.png);\nbackground-repeat:repeat;\n}\n<\/style>\n<div id='av_section_1'  class='avia-section av-6fmx2g-80a2cdd2032373efe435b223bab84081 main_color avia-section-default avia-no-shadow  avia-builder-el-0  el_before_av_two_third  avia-builder-el-first  avia-bg-style-scroll av-section-color-overlay-active container_wrap fullsize'  ><div class=\"av-section-color-overlay-wrap\"><div class=\"av-section-color-overlay\"><\/div><div class='container av-section-cont-open' ><main  role=\"main\" itemprop=\"mainContentOfPage\"  class='template-page content  av-content-full alpha units'><div class='post-entry post-entry-type-page post-entry-584'><div class='entry-content-wrapper clearfix'>\n\n<style type=\"text\/css\" data-created_by=\"avia_inline_auto\" id=\"style-css-av-29828-1d3932b3575ac270be0590aa03e3069c\">\n#top .av-special-heading.av-29828-1d3932b3575ac270be0590aa03e3069c{\npadding-bottom:0;\n}\nbody .av-special-heading.av-29828-1d3932b3575ac270be0590aa03e3069c .av-special-heading-tag .heading-char{\nfont-size:25px;\n}\n.av-special-heading.av-29828-1d3932b3575ac270be0590aa03e3069c .av-subheading{\nfont-size:15px;\n}\n<\/style>\n<div  class='av-special-heading av-29828-1d3932b3575ac270be0590aa03e3069c av-special-heading-h1 blockquote modern-quote  avia-builder-el-1  avia-builder-el-no-sibling '><h1 class='av-special-heading-tag '  itemprop=\"headline\"  >CONTACTER LES ARTS MARTIAUX PATENAUDE<\/h1><div class=\"special-heading-border\"><div class=\"special-heading-inner-border\"><\/div><\/div><\/div>\n<\/div><\/div><\/main><!-- close content main element --><\/div><\/div><\/div><div id='after_section_1'  class='main_color av_default_container_wrap container_wrap fullsize'  ><div class='container av-section-cont-open' ><div class='template-page content  av-content-full alpha units'><div class='post-entry post-entry-type-page post-entry-584'><div class='entry-content-wrapper clearfix'>\n\n<style type=\"text\/css\" data-created_by=\"avia_inline_auto\" id=\"style-css-av-63ikqg-1787d10c584552510c19bbf9962107d9\">\n.flex_column.av-63ikqg-1787d10c584552510c19bbf9962107d9{\nborder-radius:0px 0px 0px 0px;\npadding:0px 0px 0px 0px;\n}\n<\/style>\n<div  class='flex_column av-63ikqg-1787d10c584552510c19bbf9962107d9 av_two_third  avia-builder-el-2  el_after_av_section  el_before_av_one_third  avia-builder-el-first  first flex_column_div av-zero-column-padding  '     ><p><section  class='av_textblock_section av-5v6cv4-24d4fd8c94172152ae1596a87e250b93 '   itemscope=\"itemscope\" itemtype=\"https:\/\/schema.org\/CreativeWork\" ><div class='avia_textblock'  itemprop=\"text\" ><p>Le formulaire ci-dessous vous permet d&rsquo;envoyer un courriel directement aux Arts Martiaux Patenaude, et \u00e0 droite vous trouverez des informations sp\u00e9cifiques \u00e0 chaque \u00e9cole. Si vous avez des questions, des commentaires ou des pr\u00e9occupations &#8211; nous aimerions avoir de vos nouvelles!<\/p>\n<\/div><\/section><br \/>\n<\/p><\/div>\n<style type=\"text\/css\" data-created_by=\"avia_inline_auto\" id=\"style-css-av-5hjdpk-581778cc7cdefe9b4742c26e69c3b31d\">\n.flex_column.av-5hjdpk-581778cc7cdefe9b4742c26e69c3b31d{\nborder-radius:0px 0px 0px 0px;\npadding:0px 0px 0px 0px;\n}\n<\/style>\n<div  class='flex_column av-5hjdpk-581778cc7cdefe9b4742c26e69c3b31d av_one_third  avia-builder-el-5  el_after_av_two_third  el_before_av_google_map  avia-builder-el-last  flex_column_div av-zero-column-padding  '     ><p>\n<style type=\"text\/css\" data-created_by=\"avia_inline_auto\" id=\"style-css-av-94lxc-06320c2a9480658165db30305e454162\">\n#top .av-special-heading.av-94lxc-06320c2a9480658165db30305e454162{\npadding-bottom:10px;\n}\nbody .av-special-heading.av-94lxc-06320c2a9480658165db30305e454162 .av-special-heading-tag .heading-char{\nfont-size:25px;\n}\n.av-special-heading.av-94lxc-06320c2a9480658165db30305e454162 .av-subheading{\nfont-size:15px;\n}\n<\/style>\n<div  class='av-special-heading av-94lxc-06320c2a9480658165db30305e454162 av-special-heading-h2 blockquote modern-quote  avia-builder-el-6  el_before_av_toggle_container  avia-builder-el-first '><h2 class='av-special-heading-tag '  itemprop=\"headline\"  >Nos \u00c9coles<\/h2><div class=\"special-heading-border\"><div class=\"special-heading-inner-border\"><\/div><\/div><\/div><br \/>\n<div  class='togglecontainer av-jhfidtro-7988ec7ba8a6c19cc3e761713766b845  avia-builder-el-7  el_after_av_heading  avia-builder-el-last  toggle_close_all' ><div class='taglist'><div class=\"tag-tab\"><a href=\"#\" data-tag=\"{Tout}\" class=\"activeFilter\">Tout<\/a><span class='tag-seperator'>\/<\/span><\/div><div class=\"tag-tab\"><a href=\"#\" data-tag=\"{Ontario}\" class=\"\">Ontario<\/a><span class='tag-seperator'>\/<\/span><\/div><div class=\"tag-tab\"><a href=\"#\" data-tag=\"{Quebec}\" class=\"\">Quebec<\/a><span class='tag-seperator'>\/<\/span><\/div><\/div>\n<section class='av_toggle_section av-572ceo-1a7c0d626973d37c6ee0992d2851a7d1'  itemscope=\"itemscope\" itemtype=\"https:\/\/schema.org\/CreativeWork\" ><div role=\"tablist\" class=\"single_toggle\" data-tags=\"{Tout} {Quebec} \"  ><p id='toggle-toggle-id-1' data-fake-id='#toggle-id-1' class='toggler  av-title-above '  itemprop=\"headline\"  role='tab' tabindex='0' aria-controls='toggle-id-1' data-slide-speed=\"200\" data-title=\"Aylmer\" data-title-open=\"\" data-aria_collapsed=\"Cliquez pour \u00e9tendre : Aylmer\" data-aria_expanded=\"Cliquez pour r\u00e9duire : Aylmer\">Aylmer<span class=\"toggle_icon\"><span class=\"vert_icon\"><\/span><span class=\"hor_icon\"><\/span><\/span><\/p><div id='toggle-id-1' aria-labelledby='toggle-toggle-id-1' role='region' class='toggle_wrap  av-title-above'  ><div class='toggle_content invers-color '  itemprop=\"text\" ><h3>Arts Martiaux Patenaude Aylmer<\/h3>\n<p><a href=\"https:\/\/aylmer.patenaudemartialarts.com\" target=\"_blank\" rel=\"noopener noreferrer\">Visiter le site<\/a><\/p>\n<p><strong>Address<\/strong>:<br \/>\n117 Rue Front, Gatineau, QC J9H 5S9<br \/>\n<strong>Phone<\/strong>:<br \/>\n<a title=\"Arts Martiaux Patenaude Aylmer\" data-number=\"tel:+18196826824\">(819) 682-6824<\/a><\/p>\n<\/div><\/div><\/div><\/section>\n<section class='av_toggle_section av-9hqx4-8e96390fb92200761da28d8ecdc6f46c'  itemscope=\"itemscope\" itemtype=\"https:\/\/schema.org\/CreativeWork\" ><div role=\"tablist\" class=\"single_toggle\" data-tags=\"{Tout} {Ontario} \"  ><p id='toggle-toggle-id-2' data-fake-id='#toggle-id-2' class='toggler  av-title-above '  itemprop=\"headline\"  role='tab' tabindex='0' aria-controls='toggle-id-2' data-slide-speed=\"200\" data-title=\"Belleville\" data-title-open=\"\" data-aria_collapsed=\"Cliquez pour \u00e9tendre : Belleville\" data-aria_expanded=\"Cliquez pour r\u00e9duire : Belleville\">Belleville<span class=\"toggle_icon\"><span class=\"vert_icon\"><\/span><span class=\"hor_icon\"><\/span><\/span><\/p><div id='toggle-id-2' aria-labelledby='toggle-toggle-id-2' role='region' class='toggle_wrap  av-title-above'  ><div class='toggle_content invers-color '  itemprop=\"text\" ><h3>Belleville Martial Arts<\/h3>\n<p><a href=\"https:\/\/belleville.patenaudemartialarts.com\" target=\"_blank\" rel=\"noopener noreferrer\">Visiter le site<\/a><\/p>\n<p><strong>Address<\/strong>:<\/p>\n<div>200 Dundas Street East (Unit 101)<\/div>\n<div>Belleville Ontario<\/div>\n<div>K8N1E3<\/div>\n<p><strong>Phone<\/strong>:<br \/>\n<span style=\"color: #ff0000;\"><a style=\"color: #ff0000;\" title=\"Belleville Martial Arts\" data-number=\"tel:+18662651666\">(613) 707-2007<\/a><\/span><\/p>\n<\/div><\/div><\/div><\/section>\n<section class='av_toggle_section av-4qi01k-ae7ab1bd289476d7f448ffde4561f314'  itemscope=\"itemscope\" itemtype=\"https:\/\/schema.org\/CreativeWork\" ><div role=\"tablist\" class=\"single_toggle\" data-tags=\"{Tout} {Ontario} \"  ><p id='toggle-toggle-id-3' data-fake-id='#toggle-id-3' class='toggler  av-title-above '  itemprop=\"headline\"  role='tab' tabindex='0' aria-controls='toggle-id-3' data-slide-speed=\"200\" data-title=\"Casselman\" data-title-open=\"\" data-aria_collapsed=\"Cliquez pour \u00e9tendre : Casselman\" data-aria_expanded=\"Cliquez pour r\u00e9duire : Casselman\">Casselman<span class=\"toggle_icon\"><span class=\"vert_icon\"><\/span><span class=\"hor_icon\"><\/span><\/span><\/p><div id='toggle-id-3' aria-labelledby='toggle-toggle-id-3' role='region' class='toggle_wrap  av-title-above'  ><div class='toggle_content invers-color '  itemprop=\"text\" ><h3>Casselman Arts Martiaux Kung-Fu Patenaude<\/h3>\n<p><a href=\"https:\/\/casselman.patenaudemartialarts.com\" target=\"_blank\" rel=\"noopener noreferrer\">Visiter le site<\/a><\/p>\n<p><strong>Address<\/strong>:<br \/>\n1196 Baker Rd, Casselman, ON K0A 1M0<br \/>\n<strong>Phone<\/strong>:<br \/>\n<a title=\"Casselman Arts Martiaux Kung-Fu Patenaude\" data-number=\"tel:+16137612701\">(613) 761-2701<\/a><\/p>\n<\/div><\/div><\/div><\/section>\n<section class='av_toggle_section av-4hl548-8f5484c6168f14368cc5ff5276b26811'  itemscope=\"itemscope\" itemtype=\"https:\/\/schema.org\/CreativeWork\" ><div role=\"tablist\" class=\"single_toggle\" data-tags=\"{Tout} {Ontario} \"  ><p id='toggle-toggle-id-4' data-fake-id='#toggle-id-4' class='toggler  av-title-above '  itemprop=\"headline\"  role='tab' tabindex='0' aria-controls='toggle-id-4' data-slide-speed=\"200\" data-title=\"Cornwall\" data-title-open=\"\" data-aria_collapsed=\"Cliquez pour \u00e9tendre : Cornwall\" data-aria_expanded=\"Cliquez pour r\u00e9duire : Cornwall\">Cornwall<span class=\"toggle_icon\"><span class=\"vert_icon\"><\/span><span class=\"hor_icon\"><\/span><\/span><\/p><div id='toggle-id-4' aria-labelledby='toggle-toggle-id-4' role='region' class='toggle_wrap  av-title-above'  ><div class='toggle_content invers-color '  itemprop=\"text\" ><h3>Cornwall Martial Arts<\/h3>\n<p><a href=\"https:\/\/cornwall.patenaudemartialarts.com\" target=\"_blank\" rel=\"noopener noreferrer\">Visiter le site<\/a><\/p>\n<p><strong>Address<\/strong>:<br \/>\n404-A Montreal Rd., Cornwall, ON K6H 1B4<br \/>\n<strong>Phone<\/strong>:<br \/>\n<a title=\"Cornwall Martial Arts\" data-number=\"tel:+16139370139\">(613) 937-0139<\/a><\/p>\n<\/div><\/div><\/div><\/section>\n<section class='av_toggle_section av-4be640-a55db9fa7599d8e73c9c61b70d889c46'  itemscope=\"itemscope\" itemtype=\"https:\/\/schema.org\/CreativeWork\" ><div role=\"tablist\" class=\"single_toggle\" data-tags=\"{Tout} {Quebec} \"  ><p id='toggle-toggle-id-5' data-fake-id='#toggle-id-5' class='toggler  av-title-above '  itemprop=\"headline\"  role='tab' tabindex='0' aria-controls='toggle-id-5' data-slide-speed=\"200\" data-title=\"Gatineau\" data-title-open=\"\" data-aria_collapsed=\"Cliquez pour \u00e9tendre : Gatineau\" data-aria_expanded=\"Cliquez pour r\u00e9duire : Gatineau\">Gatineau<span class=\"toggle_icon\"><span class=\"vert_icon\"><\/span><span class=\"hor_icon\"><\/span><\/span><\/p><div id='toggle-id-5' aria-labelledby='toggle-toggle-id-5' role='region' class='toggle_wrap  av-title-above'  ><div class='toggle_content invers-color '  itemprop=\"text\" ><h3>Arts Martiaux Patenaude\u00a0Gatineau<\/h3>\n<p><a href=\"https:\/\/gatineau.patenaudemartialarts.com\" target=\"_blank\" rel=\"noopener noreferrer\">Visiter le site<\/a><\/p>\n<p><strong>Address<\/strong>:<br \/>\n306 Notre-Dame<br \/>\nGatineau QC\u00a0J9P 1K8<br \/>\n<strong>Phone<\/strong>:<br \/>\n<a title=\"Arts Martiaux Patenaude\u00a0Gatineau\" data-number=\"tel:+18196639929\">(819)\u00a0663-9929<\/a><\/p>\n<\/div><\/div><\/div><\/section>\n<section class='av_toggle_section av-40jps8-6424eea12a004f5e7d4eead286acbd95'  itemscope=\"itemscope\" itemtype=\"https:\/\/schema.org\/CreativeWork\" ><div role=\"tablist\" class=\"single_toggle\" data-tags=\"{Tout} {Quebec} \"  ><p id='toggle-toggle-id-6' data-fake-id='#toggle-id-6' class='toggler  av-title-above '  itemprop=\"headline\"  role='tab' tabindex='0' aria-controls='toggle-id-6' data-slide-speed=\"200\" data-title=\"Montreal\" data-title-open=\"\" data-aria_collapsed=\"Cliquez pour \u00e9tendre : Montreal\" data-aria_expanded=\"Cliquez pour r\u00e9duire : Montreal\">Montreal<span class=\"toggle_icon\"><span class=\"vert_icon\"><\/span><span class=\"hor_icon\"><\/span><\/span><\/p><div id='toggle-id-6' aria-labelledby='toggle-toggle-id-6' role='region' class='toggle_wrap  av-title-above'  ><div class='toggle_content invers-color '  itemprop=\"text\" ><h3>Arts Martiaux Patenaude\u00a0Montr\u00e9al<\/h3>\n<p><a href=\"https:\/\/montreal.patenaudemartialarts.com\" target=\"_blank\" rel=\"noopener noreferrer\">Visiter le site<\/a><\/p>\n<p><strong>Address<\/strong>:<br \/>\n6968 Rue St-Denis, Montr\u00e9al, QC H2S 2S4<br \/>\n<strong>Phone<\/strong>:<br \/>\n<a title=\"Arts Martiaux Patenaude\u00a0Montr\u00e9al\" data-number=\"tel:+15142762701\">(514) 276-2701<\/a><\/p>\n<\/div><\/div><\/div><\/section>\n<section class='av_toggle_section av-dsmjc-f8c4d7f54011da6a8898c55f9a6f7c8e'  itemscope=\"itemscope\" itemtype=\"https:\/\/schema.org\/CreativeWork\" ><div role=\"tablist\" class=\"single_toggle\" data-tags=\"{Tout} {Ontario} \"  ><p id='toggle-toggle-id-7' data-fake-id='#toggle-id-7' class='toggler  av-title-above '  itemprop=\"headline\"  role='tab' tabindex='0' aria-controls='toggle-id-7' data-slide-speed=\"200\" data-title=\"Orleans\" data-title-open=\"\" data-aria_collapsed=\"Cliquez pour \u00e9tendre : Orleans\" data-aria_expanded=\"Cliquez pour r\u00e9duire : Orleans\">Orleans<span class=\"toggle_icon\"><span class=\"vert_icon\"><\/span><span class=\"hor_icon\"><\/span><\/span><\/p><div id='toggle-id-7' aria-labelledby='toggle-toggle-id-7' role='region' class='toggle_wrap  av-title-above'  ><div class='toggle_content invers-color '  itemprop=\"text\" ><h3>Orleans Martial Arts Kung-Fu Patenaude<\/h3>\n<p><a href=\"https:\/\/orleans.patenaudemartialarts.com\" target=\"_blank\" rel=\"noopener noreferrer\">Visiter le site<\/a><\/p>\n<p><strong>Address<\/strong>:<br \/>\n2035 Lanthier Dr, Orleans, ON K4A 3V3<br \/>\n<strong>Phone<\/strong>:<br \/>\n<a title=\"Orleans Martial Arts Kung-Fu Patenaude\" data-number=\"tel:+16138419100\">(613) 841-9100<\/a><\/p>\n<\/div><\/div><\/div><\/section>\n<section class='av_toggle_section av-3r81og-36d5089dc501dee79ba94909a67623d2'  itemscope=\"itemscope\" itemtype=\"https:\/\/schema.org\/CreativeWork\" ><div role=\"tablist\" class=\"single_toggle\" data-tags=\"{Tout} {Ontario} \"  ><p id='toggle-toggle-id-8' data-fake-id='#toggle-id-8' class='toggler  av-title-above '  itemprop=\"headline\"  role='tab' tabindex='0' aria-controls='toggle-id-8' data-slide-speed=\"200\" data-title=\"Ottawa\" data-title-open=\"\" data-aria_collapsed=\"Cliquez pour \u00e9tendre : Ottawa\" data-aria_expanded=\"Cliquez pour r\u00e9duire : Ottawa\">Ottawa<span class=\"toggle_icon\"><span class=\"vert_icon\"><\/span><span class=\"hor_icon\"><\/span><\/span><\/p><div id='toggle-id-8' aria-labelledby='toggle-toggle-id-8' role='region' class='toggle_wrap  av-title-above'  ><div class='toggle_content invers-color '  itemprop=\"text\" ><h3>Ottawa Martial Arts Kung-Fu Patenaude<\/h3>\n<p><a href=\"https:\/\/ottawa.patenaudemartialarts.com\" target=\"_blank\" rel=\"noopener noreferrer\">Visiter le site<\/a><\/p>\n<p><strong>Address<\/strong>:<br \/>\n1877 Merivale Rd, Ottawa, ON K2G 1E6<br \/>\n<strong>Phone<\/strong>:<br \/>\n<a title=\"Ottawa Martial Arts Kung-Fu Patenaude\" data-number=\"tel:+16132241729\">(613) 224-1729<\/a><\/p>\n<\/div><\/div><\/div><\/section>\n<section class='av_toggle_section av-3je7ug-d94561e7af3e5c691a577b982394f159'  itemscope=\"itemscope\" itemtype=\"https:\/\/schema.org\/CreativeWork\" ><div role=\"tablist\" class=\"single_toggle\" data-tags=\"{Tout} {Quebec} \"  ><p id='toggle-toggle-id-9' data-fake-id='#toggle-id-9' class='toggler  av-title-above '  itemprop=\"headline\"  role='tab' tabindex='0' aria-controls='toggle-id-9' data-slide-speed=\"200\" data-title=\"Quebec\" data-title-open=\"\" data-aria_collapsed=\"Cliquez pour \u00e9tendre : Quebec\" data-aria_expanded=\"Cliquez pour r\u00e9duire : Quebec\">Quebec<span class=\"toggle_icon\"><span class=\"vert_icon\"><\/span><span class=\"hor_icon\"><\/span><\/span><\/p><div id='toggle-id-9' aria-labelledby='toggle-toggle-id-9' role='region' class='toggle_wrap  av-title-above'  ><div class='toggle_content invers-color '  itemprop=\"text\" ><h3>Arts Martiaux Patenaude\u00a0Qu\u00e9bec<\/h3>\n<p><a href=\"https:\/\/quebec.patenaudemartialarts.com\" target=\"_blank\" rel=\"noopener noreferrer\">Visiter le site<\/a><\/p>\n<p><strong>Address<\/strong>:<br \/>\n2750 Chemin Ste-Foy, Quebec, QC\u00a0G1V 1V6<br \/>\n<strong>Phone<\/strong>:<br \/>\n<a title=\"Arts Martiaux Patenaude\u00a0Qu\u00e9bec\" data-number=\"tel:+14188729741\">(418) 872-9741<\/a><\/p>\n<\/div><\/div><\/div><\/section>\n<section class='av_toggle_section av-a9uhs-8572fc3d8c90003b1e84858d02ba5e6e'  itemscope=\"itemscope\" itemtype=\"https:\/\/schema.org\/CreativeWork\" ><div role=\"tablist\" class=\"single_toggle\" data-tags=\"{Tout} {Quebec} \"  ><p id='toggle-toggle-id-10' data-fake-id='#toggle-id-10' class='toggler  av-title-above '  itemprop=\"headline\"  role='tab' tabindex='0' aria-controls='toggle-id-10' data-slide-speed=\"200\" data-title=\"Ville Ste-Catherine\" data-title-open=\"\" data-aria_collapsed=\"Cliquez pour \u00e9tendre : Ville Ste-Catherine\" data-aria_expanded=\"Cliquez pour r\u00e9duire : Ville Ste-Catherine\">Ville Ste-Catherine<span class=\"toggle_icon\"><span class=\"vert_icon\"><\/span><span class=\"hor_icon\"><\/span><\/span><\/p><div id='toggle-id-10' aria-labelledby='toggle-toggle-id-10' role='region' class='toggle_wrap  av-title-above'  ><div class='toggle_content invers-color '  itemprop=\"text\" ><h3>Arts Martiaux Patenaude Ville Ste-Catherine<\/h3>\n<p><a href=\"https:\/\/stecatherine.patenaudemartialarts.com\" target=\"_blank\" rel=\"noopener noreferrer\">Visiter le site<\/a><\/p>\n<p><strong>Address<\/strong>:<br \/>\n1078-B rue Union, Ville Ste-Catherine, QC J5C 1B3<br \/>\n<strong>Phone<\/strong>:<br \/>\n(514) 567-6469<\/p>\n<\/div><\/div><\/div><\/section>\n<\/div><\/p><\/div><\/p>\n<div  class='av_gmaps_sc_main_wrap av_gmaps_main_wrap '><div id='av_gmap_0' class='avia-google-map-container avia-google-map-sc av_gmaps_show_unconditionally av-no-fallback-img ' data-mapid='av_gmap_0'  style='height: 425px;'><a class=\"av_gmaps_browser_disabled av_text_confirm_link av_text_confirm_link_visible\" href=\"https:\/\/www.google.com\/maps\/search\/?api=1&#038;query=6968%20Rue%20St-Denis,%20Montr\u00e9al,%20QC%20H2S%202S4%20%20Montr\u00e9al\" target=\"_blank\">Les cartes ont \u00e9t\u00e9 d\u00e9sactiv\u00e9es par le visiteur sur ce site. Cliquer pour ouvrir la carte dans une nouvelle fen\u00eatre.<\/a><\/div><\/div>\n","protected":false},"excerpt":{"rendered":"","protected":false},"author":1,"featured_media":0,"parent":0,"menu_order":0,"comment_status":"closed","ping_status":"closed","template":"","meta":{"footnotes":""},"class_list":["post-584","page","type-page","status-publish","hentry"],"yoast_head":"<!-- This site is optimized with the Yoast SEO plugin v27.3 - https:\/\/yoast.com\/product\/yoast-seo-wordpress\/ -->\n<title>Contacter PMA - Patenaude Martial Arts &amp; Fitness<\/title>\n<meta name=\"description\" content=\"Vous pouvez toujour rejoindre Patenaude gr\u00e2ce \u00e0 notre formulaire de contact. Vous retrouverez aussi les coordonn\u00e9es pour chacune de nos \u00e9coles en Ontario et au Qu\u00e9bec.\" \/>\n<meta name=\"robots\" content=\"index, follow, max-snippet:-1, max-image-preview:large, max-video-preview:-1\" \/>\n<link rel=\"canonical\" href=\"https:\/\/patenaudemartialarts.com\/fr\/contacter-pma\/\" \/>\n<meta property=\"og:locale\" content=\"fr_FR\" \/>\n<meta property=\"og:type\" content=\"article\" \/>\n<meta property=\"og:title\" content=\"Contacter PMA - Patenaude Martial Arts &amp; Fitness\" \/>\n<meta property=\"og:description\" content=\"Vous pouvez toujour rejoindre Patenaude gr\u00e2ce \u00e0 notre formulaire de contact. Vous retrouverez aussi les coordonn\u00e9es pour chacune de nos \u00e9coles en Ontario et au Qu\u00e9bec.\" \/>\n<meta property=\"og:url\" content=\"https:\/\/patenaudemartialarts.com\/fr\/contacter-pma\/\" \/>\n<meta property=\"og:site_name\" content=\"Patenaude Martial Arts &amp; Fitness\" \/>\n<meta property=\"article:publisher\" content=\"https:\/\/www.facebook.com\/PatenaudeMartialArts\" \/>\n<meta property=\"article:modified_time\" content=\"2024-02-29T02:23:30+00:00\" \/>\n<meta name=\"twitter:card\" content=\"summary_large_image\" \/>\n<meta name=\"twitter:site\" content=\"@fangshendo\" \/>\n<meta name=\"twitter:label1\" content=\"Dur\u00e9e de lecture estim\u00e9e\" \/>\n\t<meta name=\"twitter:data1\" content=\"2 minutes\" \/>\n<script type=\"application\/ld+json\" class=\"yoast-schema-graph\">{\"@context\":\"https:\\\/\\\/schema.org\",\"@graph\":[{\"@type\":\"WebPage\",\"@id\":\"https:\\\/\\\/patenaudemartialarts.com\\\/fr\\\/contacter-pma\\\/\",\"url\":\"https:\\\/\\\/patenaudemartialarts.com\\\/fr\\\/contacter-pma\\\/\",\"name\":\"Contacter PMA - Patenaude Martial Arts &amp; Fitness\",\"isPartOf\":{\"@id\":\"https:\\\/\\\/patenaudemartialarts.tempurl.host\\\/#website\"},\"datePublished\":\"2016-12-12T18:32:35+00:00\",\"dateModified\":\"2024-02-29T02:23:30+00:00\",\"description\":\"Vous pouvez toujour rejoindre Patenaude gr\u00e2ce \u00e0 notre formulaire de contact. Vous retrouverez aussi les coordonn\u00e9es pour chacune de nos \u00e9coles en Ontario et au Qu\u00e9bec.\",\"breadcrumb\":{\"@id\":\"https:\\\/\\\/patenaudemartialarts.com\\\/fr\\\/contacter-pma\\\/#breadcrumb\"},\"inLanguage\":\"fr-FR\",\"potentialAction\":[{\"@type\":\"ReadAction\",\"target\":[\"https:\\\/\\\/patenaudemartialarts.com\\\/fr\\\/contacter-pma\\\/\"]}]},{\"@type\":\"BreadcrumbList\",\"@id\":\"https:\\\/\\\/patenaudemartialarts.com\\\/fr\\\/contacter-pma\\\/#breadcrumb\",\"itemListElement\":[{\"@type\":\"ListItem\",\"position\":1,\"name\":\"Home\",\"item\":\"https:\\\/\\\/patenaudemartialarts.tempurl.host\\\/fr\\\/\"},{\"@type\":\"ListItem\",\"position\":2,\"name\":\"Contacter PMA\"}]},{\"@type\":\"WebSite\",\"@id\":\"https:\\\/\\\/patenaudemartialarts.tempurl.host\\\/#website\",\"url\":\"https:\\\/\\\/patenaudemartialarts.tempurl.host\\\/\",\"name\":\"Patenaude Martial Arts &amp; Fitness\",\"description\":\"Ontario &amp; Quebec Kung Fu Training\",\"potentialAction\":[{\"@type\":\"SearchAction\",\"target\":{\"@type\":\"EntryPoint\",\"urlTemplate\":\"https:\\\/\\\/patenaudemartialarts.tempurl.host\\\/?s={search_term_string}\"},\"query-input\":{\"@type\":\"PropertyValueSpecification\",\"valueRequired\":true,\"valueName\":\"search_term_string\"}}],\"inLanguage\":\"fr-FR\"}]}<\/script>\n<!-- \/ Yoast SEO plugin. -->","yoast_head_json":{"title":"Contacter PMA - Patenaude Martial Arts &amp; Fitness","description":"Vous pouvez toujour rejoindre Patenaude gr\u00e2ce \u00e0 notre formulaire de contact. Vous retrouverez aussi les coordonn\u00e9es pour chacune de nos \u00e9coles en Ontario et au Qu\u00e9bec.","robots":{"index":"index","follow":"follow","max-snippet":"max-snippet:-1","max-image-preview":"max-image-preview:large","max-video-preview":"max-video-preview:-1"},"canonical":"https:\/\/patenaudemartialarts.com\/fr\/contacter-pma\/","og_locale":"fr_FR","og_type":"article","og_title":"Contacter PMA - Patenaude Martial Arts &amp; Fitness","og_description":"Vous pouvez toujour rejoindre Patenaude gr\u00e2ce \u00e0 notre formulaire de contact. Vous retrouverez aussi les coordonn\u00e9es pour chacune de nos \u00e9coles en Ontario et au Qu\u00e9bec.","og_url":"https:\/\/patenaudemartialarts.com\/fr\/contacter-pma\/","og_site_name":"Patenaude Martial Arts &amp; Fitness","article_publisher":"https:\/\/www.facebook.com\/PatenaudeMartialArts","article_modified_time":"2024-02-29T02:23:30+00:00","twitter_card":"summary_large_image","twitter_site":"@fangshendo","twitter_misc":{"Dur\u00e9e de lecture estim\u00e9e":"2 minutes"},"schema":{"@context":"https:\/\/schema.org","@graph":[{"@type":"WebPage","@id":"https:\/\/patenaudemartialarts.com\/fr\/contacter-pma\/","url":"https:\/\/patenaudemartialarts.com\/fr\/contacter-pma\/","name":"Contacter PMA - Patenaude Martial Arts &amp; Fitness","isPartOf":{"@id":"https:\/\/patenaudemartialarts.tempurl.host\/#website"},"datePublished":"2016-12-12T18:32:35+00:00","dateModified":"2024-02-29T02:23:30+00:00","description":"Vous pouvez toujour rejoindre Patenaude gr\u00e2ce \u00e0 notre formulaire de contact. Vous retrouverez aussi les coordonn\u00e9es pour chacune de nos \u00e9coles en Ontario et au Qu\u00e9bec.","breadcrumb":{"@id":"https:\/\/patenaudemartialarts.com\/fr\/contacter-pma\/#breadcrumb"},"inLanguage":"fr-FR","potentialAction":[{"@type":"ReadAction","target":["https:\/\/patenaudemartialarts.com\/fr\/contacter-pma\/"]}]},{"@type":"BreadcrumbList","@id":"https:\/\/patenaudemartialarts.com\/fr\/contacter-pma\/#breadcrumb","itemListElement":[{"@type":"ListItem","position":1,"name":"Home","item":"https:\/\/patenaudemartialarts.tempurl.host\/fr\/"},{"@type":"ListItem","position":2,"name":"Contacter PMA"}]},{"@type":"WebSite","@id":"https:\/\/patenaudemartialarts.tempurl.host\/#website","url":"https:\/\/patenaudemartialarts.tempurl.host\/","name":"Patenaude Martial Arts &amp; Fitness","description":"Ontario &amp; Quebec Kung Fu Training","potentialAction":[{"@type":"SearchAction","target":{"@type":"EntryPoint","urlTemplate":"https:\/\/patenaudemartialarts.tempurl.host\/?s={search_term_string}"},"query-input":{"@type":"PropertyValueSpecification","valueRequired":true,"valueName":"search_term_string"}}],"inLanguage":"fr-FR"}]}},"_links":{"self":[{"href":"https:\/\/patenaudemartialarts.com\/fr\/wp-json\/wp\/v2\/pages\/584","targetHints":{"allow":["GET"]}}],"collection":[{"href":"https:\/\/patenaudemartialarts.com\/fr\/wp-json\/wp\/v2\/pages"}],"about":[{"href":"https:\/\/patenaudemartialarts.com\/fr\/wp-json\/wp\/v2\/types\/page"}],"author":[{"embeddable":true,"href":"https:\/\/patenaudemartialarts.com\/fr\/wp-json\/wp\/v2\/users\/1"}],"replies":[{"embeddable":true,"href":"https:\/\/patenaudemartialarts.com\/fr\/wp-json\/wp\/v2\/comments?post=584"}],"version-history":[{"count":0,"href":"https:\/\/patenaudemartialarts.com\/fr\/wp-json\/wp\/v2\/pages\/584\/revisions"}],"wp:attachment":[{"href":"https:\/\/patenaudemartialarts.com\/fr\/wp-json\/wp\/v2\/media?parent=584"}],"curies":[{"name":"wp","href":"https:\/\/api.w.org\/{rel}","templated":true}]}}