{"id":587,"date":"2016-12-12T13:36:32","date_gmt":"2016-12-12T18:36:32","guid":{"rendered":"http:\/\/www.patenaudemartialarts.com\/?page_id=587\/"},"modified":"2024-02-28T21:29:03","modified_gmt":"2024-02-29T02:29:03","slug":"7-jours-entrainement-gratuit","status":"publish","type":"page","link":"https:\/\/patenaudemartialarts.com\/fr\/7-jours-entrainement-gratuit\/","title":{"rendered":"7 jours d&rsquo;entra\u00eenement gratuit"},"content":{"rendered":"\n<style type=\"text\/css\" data-created_by=\"avia_inline_auto\" id=\"style-css-av-3iq30r-11c5a0c291a964962243c390131ada30\">\n.avia-section.av-3iq30r-11c5a0c291a964962243c390131ada30 .av-section-color-overlay{\nopacity:1;\nbackground-image:url(https:\/\/patenaudemartialarts.com\/wp-content\/themes\/enfold\/images\/background-images\/wool-diagonal-for-light-background.png);\nbackground-repeat:repeat;\n}\n<\/style>\n<div id='av_section_1'  class='avia-section av-3iq30r-11c5a0c291a964962243c390131ada30 main_color avia-section-default avia-no-shadow  avia-builder-el-0  el_before_av_one_half  avia-builder-el-first  avia-bg-style-scroll av-section-color-overlay-active container_wrap fullsize'  ><div class=\"av-section-color-overlay-wrap\"><div class=\"av-section-color-overlay\"><\/div><div class='container av-section-cont-open' ><main  role=\"main\" itemprop=\"mainContentOfPage\"  class='template-page content  av-content-full alpha units'><div class='post-entry post-entry-type-page post-entry-587'><div class='entry-content-wrapper clearfix'>\n\n<style type=\"text\/css\" data-created_by=\"avia_inline_auto\" id=\"style-css-av-3cwvdv-fc5918fe3219190960470a2d71419b16\">\n#top .av-special-heading.av-3cwvdv-fc5918fe3219190960470a2d71419b16{\npadding-bottom:0;\n}\nbody .av-special-heading.av-3cwvdv-fc5918fe3219190960470a2d71419b16 .av-special-heading-tag .heading-char{\nfont-size:25px;\n}\n.av-special-heading.av-3cwvdv-fc5918fe3219190960470a2d71419b16 .av-subheading{\nfont-size:15px;\n}\n<\/style>\n<div  class='av-special-heading av-3cwvdv-fc5918fe3219190960470a2d71419b16 av-special-heading-h1 blockquote modern-quote  avia-builder-el-1  avia-builder-el-no-sibling '><h1 class='av-special-heading-tag '  itemprop=\"headline\"  >OBTENEZ 7 JOURS D\u2019ENTRA\u00ceNEMENT GRATUIT<\/h1><div class=\"special-heading-border\"><div class=\"special-heading-inner-border\"><\/div><\/div><\/div>\n<\/div><\/div><\/main><!-- close content main element --><\/div><\/div><\/div><div id='after_section_1'  class='main_color av_default_container_wrap container_wrap fullsize'  ><div class='container av-section-cont-open' ><div class='template-page content  av-content-full alpha units'><div class='post-entry post-entry-type-page post-entry-587'><div class='entry-content-wrapper clearfix'>\n<div class='flex_column_table av-3a64ln-efd713bfbdab65bee4452a426bd363bb sc-av_one_half av-equal-height-column-flextable'>\n<style type=\"text\/css\" data-created_by=\"avia_inline_auto\" id=\"style-css-av-3a64ln-efd713bfbdab65bee4452a426bd363bb\">\n.flex_column.av-3a64ln-efd713bfbdab65bee4452a426bd363bb{\nborder-radius:0px 0px 0px 0px;\npadding:0px 0px 0px 0px;\n}\n<\/style>\n<div  class='flex_column av-3a64ln-efd713bfbdab65bee4452a426bd363bb av_one_half  avia-builder-el-2  el_after_av_section  el_before_av_one_half  avia-builder-el-first  first flex_column_table_cell av-equal-height-column av-align-top av-zero-column-padding  '     ><p><section  class='av_textblock_section av-14lvf-93dd0dea4fb4259af44d54a10760fa4e '   itemscope=\"itemscope\" itemtype=\"https:\/\/schema.org\/CreativeWork\" ><div class='avia_textblock'  itemprop=\"text\" ><p>Venez essayer nos incroyables programmes d&rsquo;arts martiaux sans frais! Laissez-nous vous montrer pourquoi <strong>nous sommes l&rsquo;\u00e9cole #1 de conditionnement physique et d&rsquo;arts martiaux au Canada<\/strong>!<\/p>\n<p>Enfants ou adultes &#8211; nous avons des cours pour tout le monde! Remplissez simplement le formulaire sur cette page, choisissez votre r\u00e9gion et nos instructeurs qualifi\u00e9s vous appelleront dans un d\u00e9lai de 24 heures afin de vous mettre en place pour votre premi\u00e8re classe.<\/p>\n<p style=\"text-align: center;\"><strong>Et oui, 24 heures.<br \/>\n<\/strong>Nous sommes s\u00e9rieux quand il s&rsquo;agit d&rsquo;arts martiaux, et de vous voir atteindre les\u00a0objectifs que vous vous \u00eates fix\u00e9s.<\/p>\n<p>Si vous n&rsquo;\u00eates pas encore s\u00fbr de quelles classes vous voulez suivre, pourquoi ne pas essayer un peu de tout: profitez de notre passe \u00e0 acc\u00e8s illimit\u00e9 qui vous permet d&rsquo;essayer tous nos programmes pendant une semaine enti\u00e8re GRATUITEMENT!<\/p>\n<p>De cette fa\u00e7on, vous \u00eates s\u00fbr de ne pas manquer d&rsquo;essayer les programmes que nous offrons, et \u00e7a vous permet de d\u00e9couvrir exactement o\u00f9 vous voulez investir votre temps.<\/p>\n<\/div><\/section><br \/>\n<div  class='av_gmaps_sc_main_wrap av_gmaps_main_wrap '><div id='av_gmap_0' class='avia-google-map-container avia-google-map-sc av_gmaps_show_unconditionally av-no-fallback-img ' data-mapid='av_gmap_0'  style='height: 300px;'><a class=\"av_gmaps_browser_disabled av_text_confirm_link av_text_confirm_link_visible\" href=\"https:\/\/www.google.com\/maps\/search\/?api=1&#038;query=6968%20Rue%20St-Denis,%20Montr\u00e9al,%20QC%20H2S%202S4%20H2S%202S4%20Montr\u00e9al%20Quebec%20Canada\" target=\"_blank\">Les cartes ont \u00e9t\u00e9 d\u00e9sactiv\u00e9es par le visiteur sur ce site. Cliquer pour ouvrir la carte dans une nouvelle fen\u00eatre.<\/a><\/div><\/div><\/p><\/div>\n<div class='av-flex-placeholder'><\/div>\n<style type=\"text\/css\" data-created_by=\"avia_inline_auto\" id=\"style-css-av-lft6b-c799eac4d4949305120753cab3bd82d2\">\n.flex_column.av-lft6b-c799eac4d4949305120753cab3bd82d2{\nborder-radius:0px 0px 0px 0px;\npadding:0px 0px 0px 0px;\n}\n<\/style>\n<div  class='flex_column av-lft6b-c799eac4d4949305120753cab3bd82d2 av_one_half  avia-builder-el-5  el_after_av_one_half  avia-builder-el-last  flex_column_table_cell av-equal-height-column av-align-top av-zero-column-padding  '     ><p>\n<style type=\"text\/css\" data-created_by=\"avia_inline_auto\" id=\"style-css-av-fttkj-07b26507ba443d08db7504f69cfcb788\">\n#top .av-special-heading.av-fttkj-07b26507ba443d08db7504f69cfcb788{\npadding-bottom:0;\n}\nbody .av-special-heading.av-fttkj-07b26507ba443d08db7504f69cfcb788 .av-special-heading-tag .heading-char{\nfont-size:25px;\n}\n.av-special-heading.av-fttkj-07b26507ba443d08db7504f69cfcb788 .av-subheading{\nfont-size:15px;\n}\n<\/style>\n<div  class='av-special-heading av-fttkj-07b26507ba443d08db7504f69cfcb788 av-special-heading-h3  avia-builder-el-6  el_before_av_codeblock  avia-builder-el-first '><h3 class='av-special-heading-tag '  itemprop=\"headline\"  >Formulaire de demande<\/h3><div class=\"special-heading-border\"><div class=\"special-heading-inner-border\"><\/div><\/div><\/div><br \/>\n<\/p><\/div><\/div><!--close column table wrapper. Autoclose: 1 -->\n","protected":false},"excerpt":{"rendered":"","protected":false},"author":1,"featured_media":0,"parent":0,"menu_order":0,"comment_status":"closed","ping_status":"closed","template":"","meta":{"footnotes":""},"class_list":["post-587","page","type-page","status-publish","hentry"],"yoast_head":"<!-- This site is optimized with the Yoast SEO plugin v27.1.1 - https:\/\/yoast.com\/product\/yoast-seo-wordpress\/ -->\n<title>7 jours d&#039;entra\u00eenement gratuit - Patenaude Martial Arts &amp; Fitness<\/title>\n<meta name=\"description\" content=\"Nous offrons une passe d&#039;entra\u00eenement illimit\u00e9e de 7 jours - GRATUITEMENT! Venez voir ce que Patenaude peux faire pour vous!\" \/>\n<meta name=\"robots\" content=\"index, follow, max-snippet:-1, max-image-preview:large, max-video-preview:-1\" \/>\n<link rel=\"canonical\" href=\"https:\/\/patenaudemartialarts.com\/fr\/7-jours-entrainement-gratuit\/\" \/>\n<meta property=\"og:locale\" content=\"fr_FR\" \/>\n<meta property=\"og:type\" content=\"article\" \/>\n<meta property=\"og:title\" content=\"7 jours d&#039;entra\u00eenement gratuit - Patenaude Martial Arts &amp; Fitness\" \/>\n<meta property=\"og:description\" content=\"Nous offrons une passe d&#039;entra\u00eenement illimit\u00e9e de 7 jours - GRATUITEMENT! Venez voir ce que Patenaude peux faire pour vous!\" \/>\n<meta property=\"og:url\" content=\"https:\/\/patenaudemartialarts.com\/fr\/7-jours-entrainement-gratuit\/\" \/>\n<meta property=\"og:site_name\" content=\"Patenaude Martial Arts &amp; Fitness\" \/>\n<meta property=\"article:publisher\" content=\"https:\/\/www.facebook.com\/PatenaudeMartialArts\" \/>\n<meta property=\"article:modified_time\" content=\"2024-02-29T02:29:03+00:00\" \/>\n<meta name=\"twitter:card\" content=\"summary_large_image\" \/>\n<meta name=\"twitter:site\" content=\"@fangshendo\" \/>\n<meta name=\"twitter:label1\" content=\"Dur\u00e9e de lecture estim\u00e9e\" \/>\n\t<meta name=\"twitter:data1\" content=\"1 minute\" \/>\n<script type=\"application\/ld+json\" class=\"yoast-schema-graph\">{\"@context\":\"https:\/\/schema.org\",\"@graph\":[{\"@type\":\"WebPage\",\"@id\":\"https:\/\/patenaudemartialarts.com\/fr\/7-jours-entrainement-gratuit\/\",\"url\":\"https:\/\/patenaudemartialarts.com\/fr\/7-jours-entrainement-gratuit\/\",\"name\":\"7 jours d'entra\u00eenement gratuit - Patenaude Martial Arts &amp; Fitness\",\"isPartOf\":{\"@id\":\"https:\/\/patenaudemartialarts.tempurl.host\/#website\"},\"datePublished\":\"2016-12-12T18:36:32+00:00\",\"dateModified\":\"2024-02-29T02:29:03+00:00\",\"description\":\"Nous offrons une passe d'entra\u00eenement illimit\u00e9e de 7 jours - GRATUITEMENT! Venez voir ce que Patenaude peux faire pour vous!\",\"breadcrumb\":{\"@id\":\"https:\/\/patenaudemartialarts.com\/fr\/7-jours-entrainement-gratuit\/#breadcrumb\"},\"inLanguage\":\"fr-FR\",\"potentialAction\":[{\"@type\":\"ReadAction\",\"target\":[\"https:\/\/patenaudemartialarts.com\/fr\/7-jours-entrainement-gratuit\/\"]}]},{\"@type\":\"BreadcrumbList\",\"@id\":\"https:\/\/patenaudemartialarts.com\/fr\/7-jours-entrainement-gratuit\/#breadcrumb\",\"itemListElement\":[{\"@type\":\"ListItem\",\"position\":1,\"name\":\"Home\",\"item\":\"https:\/\/patenaudemartialarts.tempurl.host\/fr\/\"},{\"@type\":\"ListItem\",\"position\":2,\"name\":\"7 jours d&#8217;entra\u00eenement gratuit\"}]},{\"@type\":\"WebSite\",\"@id\":\"https:\/\/patenaudemartialarts.tempurl.host\/#website\",\"url\":\"https:\/\/patenaudemartialarts.tempurl.host\/\",\"name\":\"Patenaude Martial Arts &amp; Fitness\",\"description\":\"Ontario &amp; Quebec Kung Fu Training\",\"potentialAction\":[{\"@type\":\"SearchAction\",\"target\":{\"@type\":\"EntryPoint\",\"urlTemplate\":\"https:\/\/patenaudemartialarts.tempurl.host\/?s={search_term_string}\"},\"query-input\":{\"@type\":\"PropertyValueSpecification\",\"valueRequired\":true,\"valueName\":\"search_term_string\"}}],\"inLanguage\":\"fr-FR\"}]}<\/script>\n<!-- \/ Yoast SEO plugin. -->","yoast_head_json":{"title":"7 jours d'entra\u00eenement gratuit - Patenaude Martial Arts &amp; Fitness","description":"Nous offrons une passe d'entra\u00eenement illimit\u00e9e de 7 jours - GRATUITEMENT! Venez voir ce que Patenaude peux faire pour vous!","robots":{"index":"index","follow":"follow","max-snippet":"max-snippet:-1","max-image-preview":"max-image-preview:large","max-video-preview":"max-video-preview:-1"},"canonical":"https:\/\/patenaudemartialarts.com\/fr\/7-jours-entrainement-gratuit\/","og_locale":"fr_FR","og_type":"article","og_title":"7 jours d'entra\u00eenement gratuit - Patenaude Martial Arts &amp; Fitness","og_description":"Nous offrons une passe d'entra\u00eenement illimit\u00e9e de 7 jours - GRATUITEMENT! Venez voir ce que Patenaude peux faire pour vous!","og_url":"https:\/\/patenaudemartialarts.com\/fr\/7-jours-entrainement-gratuit\/","og_site_name":"Patenaude Martial Arts &amp; Fitness","article_publisher":"https:\/\/www.facebook.com\/PatenaudeMartialArts","article_modified_time":"2024-02-29T02:29:03+00:00","twitter_card":"summary_large_image","twitter_site":"@fangshendo","twitter_misc":{"Dur\u00e9e de lecture estim\u00e9e":"1 minute"},"schema":{"@context":"https:\/\/schema.org","@graph":[{"@type":"WebPage","@id":"https:\/\/patenaudemartialarts.com\/fr\/7-jours-entrainement-gratuit\/","url":"https:\/\/patenaudemartialarts.com\/fr\/7-jours-entrainement-gratuit\/","name":"7 jours d'entra\u00eenement gratuit - Patenaude Martial Arts &amp; Fitness","isPartOf":{"@id":"https:\/\/patenaudemartialarts.tempurl.host\/#website"},"datePublished":"2016-12-12T18:36:32+00:00","dateModified":"2024-02-29T02:29:03+00:00","description":"Nous offrons une passe d'entra\u00eenement illimit\u00e9e de 7 jours - GRATUITEMENT! Venez voir ce que Patenaude peux faire pour vous!","breadcrumb":{"@id":"https:\/\/patenaudemartialarts.com\/fr\/7-jours-entrainement-gratuit\/#breadcrumb"},"inLanguage":"fr-FR","potentialAction":[{"@type":"ReadAction","target":["https:\/\/patenaudemartialarts.com\/fr\/7-jours-entrainement-gratuit\/"]}]},{"@type":"BreadcrumbList","@id":"https:\/\/patenaudemartialarts.com\/fr\/7-jours-entrainement-gratuit\/#breadcrumb","itemListElement":[{"@type":"ListItem","position":1,"name":"Home","item":"https:\/\/patenaudemartialarts.tempurl.host\/fr\/"},{"@type":"ListItem","position":2,"name":"7 jours d&#8217;entra\u00eenement gratuit"}]},{"@type":"WebSite","@id":"https:\/\/patenaudemartialarts.tempurl.host\/#website","url":"https:\/\/patenaudemartialarts.tempurl.host\/","name":"Patenaude Martial Arts &amp; Fitness","description":"Ontario &amp; Quebec Kung Fu Training","potentialAction":[{"@type":"SearchAction","target":{"@type":"EntryPoint","urlTemplate":"https:\/\/patenaudemartialarts.tempurl.host\/?s={search_term_string}"},"query-input":{"@type":"PropertyValueSpecification","valueRequired":true,"valueName":"search_term_string"}}],"inLanguage":"fr-FR"}]}},"_links":{"self":[{"href":"https:\/\/patenaudemartialarts.com\/fr\/wp-json\/wp\/v2\/pages\/587","targetHints":{"allow":["GET"]}}],"collection":[{"href":"https:\/\/patenaudemartialarts.com\/fr\/wp-json\/wp\/v2\/pages"}],"about":[{"href":"https:\/\/patenaudemartialarts.com\/fr\/wp-json\/wp\/v2\/types\/page"}],"author":[{"embeddable":true,"href":"https:\/\/patenaudemartialarts.com\/fr\/wp-json\/wp\/v2\/users\/1"}],"replies":[{"embeddable":true,"href":"https:\/\/patenaudemartialarts.com\/fr\/wp-json\/wp\/v2\/comments?post=587"}],"version-history":[{"count":0,"href":"https:\/\/patenaudemartialarts.com\/fr\/wp-json\/wp\/v2\/pages\/587\/revisions"}],"wp:attachment":[{"href":"https:\/\/patenaudemartialarts.com\/fr\/wp-json\/wp\/v2\/media?parent=587"}],"curies":[{"name":"wp","href":"https:\/\/api.w.org\/{rel}","templated":true}]}}